{"id":5310,"date":"2025-12-08T10:23:44","date_gmt":"2025-12-08T13:23:44","guid":{"rendered":"https:\/\/www.autoelevadoresilcar.com.ar\/toyota\/?post_type=product&#038;p=5310"},"modified":"2025-12-08T10:30:51","modified_gmt":"2025-12-08T13:30:51","slug":"autoelevador-diesel-fb25","status":"publish","type":"product","link":"https:\/\/www.autoelevadoresilcar.com.ar\/toyota\/producto\/autoelevador-diesel-fb25\/","title":{"rendered":"Autoelevador Diesel FB25"},"content":{"rendered":"<p data-start=\"179\" data-end=\"519\">El <strong data-start=\"182\" data-end=\"204\">CT Power FG25 2025<\/strong> es un autoelevador robusto, confiable y dise\u00f1ado para ofrecer el mejor equilibrio entre potencia, eficiencia y bajo costo operativo. Equipado con un <strong data-start=\"354\" data-end=\"376\">motor Nissan a gas<\/strong>, garantiza un funcionamiento m\u00e1s limpio, estable y econ\u00f3mico, ideal para operaciones intensivas en dep\u00f3sitos, industrias y centros log\u00edsticos.<\/p>\n<p data-start=\"521\" data-end=\"851\">Su capacidad de carga de <strong data-start=\"546\" data-end=\"558\">2.500 kg<\/strong>, junto con la <strong data-start=\"573\" data-end=\"599\">transmisi\u00f3n autom\u00e1tica<\/strong>, asegura un manejo sencillo, suave y eficiente, permitiendo maximizar la productividad con menor esfuerzo del operador. La estructura reforzada y el dise\u00f1o de chasis monocasco aportan estabilidad y durabilidad incluso en entornos de trabajo exigentes.<\/p>\n<p data-start=\"853\" data-end=\"1198\">CT Power se destaca por su alianza estrat\u00e9gica con <strong data-start=\"904\" data-end=\"937\">Toyota Industries Corporation<\/strong> desde 2015, ofreciendo equipos confiables, con repuestos garantizados y servicio postventa de calidad. M\u00e1s de <strong data-start=\"1048\" data-end=\"1098\">30 a\u00f1os de experiencia en manejo de materiales<\/strong> respaldan la construcci\u00f3n de autoelevadores pr\u00e1cticos, seguros y preparados para el trabajo diario.<\/p>\n<h3 data-start=\"1200\" data-end=\"1234\"><strong data-start=\"1204\" data-end=\"1234\">Caracter\u00edsticas destacadas<\/strong><\/h3>\n<p data-start=\"1236\" data-end=\"1261\"><strong data-start=\"1236\" data-end=\"1259\">Confort y operaci\u00f3n<\/strong><\/p>\n<ul>\n<li data-start=\"1264\" data-end=\"1309\">Espacio de trabajo confortable y ergon\u00f3mico<\/li>\n<li data-start=\"1312\" data-end=\"1347\">Bajo nivel de ruido y vibraciones<\/li>\n<li data-start=\"1350\" data-end=\"1389\">Instrumental digital de f\u00e1cil lectura<\/li>\n<li data-start=\"1392\" data-end=\"1447\">Direcci\u00f3n de alto rendimiento para maniobras precisas<\/li>\n<\/ul>\n<p data-start=\"1449\" data-end=\"1475\"><strong data-start=\"1449\" data-end=\"1473\">Durabilidad y dise\u00f1o<\/strong><\/p>\n<ul>\n<li data-start=\"1478\" data-end=\"1506\">Chasis monocasco reforzado<\/li>\n<li data-start=\"1509\" data-end=\"1539\">Protecci\u00f3n de luces traseras<\/li>\n<li data-start=\"1542\" data-end=\"1587\">Contrapeso con disipaci\u00f3n de calor mejorada<\/li>\n<li data-start=\"1590\" data-end=\"1641\">Componentes de alta resistencia y larga vida \u00fatil<\/li>\n<\/ul>\n<p data-start=\"1643\" data-end=\"1673\"><strong data-start=\"1643\" data-end=\"1671\">Rendimiento y eficiencia<\/strong><\/p>\n<ul>\n<li data-start=\"1676\" data-end=\"1728\">Motor Nissan a gas: potente, econ\u00f3mico y confiable.<\/li>\n<li data-start=\"1676\" data-end=\"1728\">Transmisi\u00f3n autom\u00e1tica para operaci\u00f3n m\u00e1s \u00e1gil<\/li>\n<li data-start=\"1782\" data-end=\"1838\">Sistema de direcci\u00f3n optimizado para mayor estabilidad<\/li>\n<li data-start=\"1841\" data-end=\"1882\">Excelente desempe\u00f1o en turnos prolongados<\/li>\n<\/ul>\n","protected":false},"excerpt":{"rendered":"<article class=\"text-token-text-primary w-full focus:outline-none [--shadow-height:45px] has-data-writing-block:pointer-events-none has-data-writing-block:-mt-(--shadow-height) has-data-writing-block:pt-(--shadow-height) [&amp;:has([data-writing-block])&gt;*]:pointer-events-auto scroll-mt-[calc(var(--header-height)+min(200px,max(70px,20svh)))]\" dir=\"auto\" tabindex=\"-1\" data-turn-id=\"request-WEB:06ffd2ad-6c97-434d-8068-38cdfae50405-7\" data-testid=\"conversation-turn-16\" data-scroll-anchor=\"true\" data-turn=\"assistant\">\n<div class=\"text-base my-auto mx-auto pb-10 [--thread-content-margin:--spacing(4)] @w-sm\/main:[--thread-content-margin:--spacing(6)] @w-lg\/main:[--thread-content-margin:--spacing(16)] px-(--thread-content-margin)\">\n<div class=\"[--thread-content-max-width:40rem] @w-lg\/main:[--thread-content-max-width:48rem] mx-auto max-w-(--thread-content-max-width) flex-1 group\/turn-messages focus-visible:outline-hidden relative flex w-full min-w-0 flex-col agent-turn\" tabindex=\"-1\">\n<div class=\"flex max-w-full flex-col grow\">\n<div class=\"min-h-8 text-message relative flex w-full flex-col items-end gap-2 text-start break-words whitespace-normal [.text-message+&amp;]:mt-1\" dir=\"auto\" data-message-author-role=\"assistant\" data-message-id=\"f92a0855-a866-45e5-86c6-70902290777a\" data-message-model-slug=\"gpt-5-1\">\n<div class=\"flex w-full flex-col gap-1 empty:hidden first:pt-[1px]\">\n<div class=\"markdown prose dark:prose-invert w-full break-words dark markdown-new-styling\">\n<p data-start=\"72\" data-end=\"361\" data-is-last-node=\"\" data-is-only-node=\"\">El CT Power FG25 (a\u00f1o 2025) es un autoelevador a gas de alto rendimiento, equipado con motor Nissan y transmisi\u00f3n autom\u00e1tica. Con una capacidad de carga de 2.500 kg, combina potencia, eficiencia y confiabilidad para operaciones industriales exigentes.<\/p>\n<\/div>\n<\/div>\n<\/div>\n<\/div>\n<\/div>\n<\/div>\n<\/article>\n","protected":false},"featured_media":5311,"template":"","meta":{"_joinchat":[]},"product_brand":[70],"product_cat":[112],"product_tag":[170,178,177],"class_list":{"0":"post-5310","1":"product","2":"type-product","3":"status-publish","4":"has-post-thumbnail","6":"product_brand-ct-power","7":"product_cat-autoelevadores-economicos-a-combustion","8":"product_tag-autoelevador-diesel","9":"product_tag-autoelevador-diesel-fb25","10":"product_tag-fb25","12":"first","13":"instock","14":"shipping-taxable","15":"product-type-simple"},"yoast_head":"<!-- This site is optimized with the Yoast SEO plugin v27.5 - https:\/\/yoast.com\/product\/yoast-seo-wordpress\/ -->\n<title>Autoelevador Diesel FB25 -CT Power<\/title>\n<meta name=\"description\" content=\"El CT Power FG25 es un autoelevador a gas de alto rendimiento, equipado con motor Nissan y transmisi\u00f3n autom\u00e1tica. Con una capacidad de carga de 2.500 kg.\" \/>\n<meta name=\"robots\" content=\"index, follow, max-snippet:-1, max-image-preview:large, max-video-preview:-1\" \/>\n<link rel=\"canonical\" href=\"https:\/\/www.autoelevadoresilcar.com.ar\/toyota\/producto\/autoelevador-diesel-fb25\/\" \/>\n<meta property=\"og:locale\" content=\"es_ES\" \/>\n<meta property=\"og:type\" content=\"article\" \/>\n<meta property=\"og:title\" content=\"Autoelevador Diesel FB25 -CT Power\" \/>\n<meta property=\"og:description\" content=\"El CT Power FG25 es un autoelevador a gas de alto rendimiento, equipado con motor Nissan y transmisi\u00f3n autom\u00e1tica. Con una capacidad de carga de 2.500 kg.\" \/>\n<meta property=\"og:url\" content=\"https:\/\/www.autoelevadoresilcar.com.ar\/toyota\/producto\/autoelevador-diesel-fb25\/\" \/>\n<meta property=\"og:site_name\" content=\"Autoelevadores Silcar\" \/>\n<meta property=\"article:publisher\" content=\"https:\/\/www.facebook.com\/gruposilcarargentina\/\" \/>\n<meta property=\"article:modified_time\" content=\"2025-12-08T13:30:51+00:00\" \/>\n<meta property=\"og:image\" content=\"https:\/\/www.autoelevadoresilcar.com.ar\/toyota\/wp-content\/uploads\/2025\/12\/ct-power-glp.jpg\" \/>\n\t<meta property=\"og:image:width\" content=\"500\" \/>\n\t<meta property=\"og:image:height\" content=\"417\" \/>\n\t<meta property=\"og:image:type\" content=\"image\/jpeg\" \/>\n<meta name=\"twitter:card\" content=\"summary_large_image\" \/>\n<meta name=\"twitter:site\" content=\"@gruposilcar\" \/>\n<meta name=\"twitter:label1\" content=\"Tiempo de lectura\" \/>\n\t<meta name=\"twitter:data1\" content=\"2 minutos\" \/>\n<script type=\"application\/ld+json\" class=\"yoast-schema-graph\">{\"@context\":\"https:\\\/\\\/schema.org\",\"@graph\":[{\"@type\":\"WebPage\",\"@id\":\"https:\\\/\\\/www.autoelevadoresilcar.com.ar\\\/toyota\\\/producto\\\/autoelevador-diesel-fb25\\\/\",\"url\":\"https:\\\/\\\/www.autoelevadoresilcar.com.ar\\\/toyota\\\/producto\\\/autoelevador-diesel-fb25\\\/\",\"name\":\"Autoelevador Diesel FB25 -CT Power\",\"isPartOf\":{\"@id\":\"https:\\\/\\\/www.autoelevadoresilcar.com.ar\\\/toyota\\\/#website\"},\"primaryImageOfPage\":{\"@id\":\"https:\\\/\\\/www.autoelevadoresilcar.com.ar\\\/toyota\\\/producto\\\/autoelevador-diesel-fb25\\\/#primaryimage\"},\"image\":{\"@id\":\"https:\\\/\\\/www.autoelevadoresilcar.com.ar\\\/toyota\\\/producto\\\/autoelevador-diesel-fb25\\\/#primaryimage\"},\"thumbnailUrl\":\"https:\\\/\\\/www.autoelevadoresilcar.com.ar\\\/toyota\\\/wp-content\\\/uploads\\\/2025\\\/12\\\/ct-power-glp.jpg\",\"datePublished\":\"2025-12-08T13:23:44+00:00\",\"dateModified\":\"2025-12-08T13:30:51+00:00\",\"description\":\"El CT Power FG25 es un autoelevador a gas de alto rendimiento, equipado con motor Nissan y transmisi\u00f3n autom\u00e1tica. Con una capacidad de carga de 2.500 kg.\",\"breadcrumb\":{\"@id\":\"https:\\\/\\\/www.autoelevadoresilcar.com.ar\\\/toyota\\\/producto\\\/autoelevador-diesel-fb25\\\/#breadcrumb\"},\"inLanguage\":\"es-AR\",\"potentialAction\":[{\"@type\":\"ReadAction\",\"target\":[\"https:\\\/\\\/www.autoelevadoresilcar.com.ar\\\/toyota\\\/producto\\\/autoelevador-diesel-fb25\\\/\"]}]},{\"@type\":\"ImageObject\",\"inLanguage\":\"es-AR\",\"@id\":\"https:\\\/\\\/www.autoelevadoresilcar.com.ar\\\/toyota\\\/producto\\\/autoelevador-diesel-fb25\\\/#primaryimage\",\"url\":\"https:\\\/\\\/www.autoelevadoresilcar.com.ar\\\/toyota\\\/wp-content\\\/uploads\\\/2025\\\/12\\\/ct-power-glp.jpg\",\"contentUrl\":\"https:\\\/\\\/www.autoelevadoresilcar.com.ar\\\/toyota\\\/wp-content\\\/uploads\\\/2025\\\/12\\\/ct-power-glp.jpg\",\"width\":500,\"height\":417,\"caption\":\"ct power glp\"},{\"@type\":\"BreadcrumbList\",\"@id\":\"https:\\\/\\\/www.autoelevadoresilcar.com.ar\\\/toyota\\\/producto\\\/autoelevador-diesel-fb25\\\/#breadcrumb\",\"itemListElement\":[{\"@type\":\"ListItem\",\"position\":1,\"name\":\"Inicio\",\"item\":\"https:\\\/\\\/www.autoelevadoresilcar.com.ar\\\/toyota\\\/\"},{\"@type\":\"ListItem\",\"position\":2,\"name\":\"Productos\",\"item\":\"https:\\\/\\\/www.autoelevadoresilcar.com.ar\\\/toyota\\\/productos\\\/\"},{\"@type\":\"ListItem\",\"position\":3,\"name\":\"Autoelevador Diesel FB25\"}]},{\"@type\":\"WebSite\",\"@id\":\"https:\\\/\\\/www.autoelevadoresilcar.com.ar\\\/toyota\\\/#website\",\"url\":\"https:\\\/\\\/www.autoelevadoresilcar.com.ar\\\/toyota\\\/\",\"name\":\"Autoelevadores Silcar\",\"description\":\"\",\"publisher\":{\"@id\":\"https:\\\/\\\/www.autoelevadoresilcar.com.ar\\\/toyota\\\/#organization\"},\"alternateName\":\"Autoelevadores Toyota\",\"potentialAction\":[{\"@type\":\"SearchAction\",\"target\":{\"@type\":\"EntryPoint\",\"urlTemplate\":\"https:\\\/\\\/www.autoelevadoresilcar.com.ar\\\/toyota\\\/?s={search_term_string}\"},\"query-input\":{\"@type\":\"PropertyValueSpecification\",\"valueRequired\":true,\"valueName\":\"search_term_string\"}}],\"inLanguage\":\"es-AR\"},{\"@type\":\"Organization\",\"@id\":\"https:\\\/\\\/www.autoelevadoresilcar.com.ar\\\/toyota\\\/#organization\",\"name\":\"Autoelevadores Silcar\",\"alternateName\":\"Autoelevadores Toyota\",\"url\":\"https:\\\/\\\/www.autoelevadoresilcar.com.ar\\\/toyota\\\/\",\"logo\":{\"@type\":\"ImageObject\",\"inLanguage\":\"es-AR\",\"@id\":\"https:\\\/\\\/www.autoelevadoresilcar.com.ar\\\/toyota\\\/#\\\/schema\\\/logo\\\/image\\\/\",\"url\":\"https:\\\/\\\/www.autoelevadoresilcar.com.ar\\\/toyota\\\/wp-content\\\/uploads\\\/2025\\\/10\\\/autoelevadores-toyota.jpg\",\"contentUrl\":\"https:\\\/\\\/www.autoelevadoresilcar.com.ar\\\/toyota\\\/wp-content\\\/uploads\\\/2025\\\/10\\\/autoelevadores-toyota.jpg\",\"width\":1903,\"height\":1189,\"caption\":\"Autoelevadores Silcar\"},\"image\":{\"@id\":\"https:\\\/\\\/www.autoelevadoresilcar.com.ar\\\/toyota\\\/#\\\/schema\\\/logo\\\/image\\\/\"},\"sameAs\":[\"https:\\\/\\\/www.facebook.com\\\/gruposilcarargentina\\\/\",\"https:\\\/\\\/x.com\\\/gruposilcar\",\"https:\\\/\\\/www.instagram.com\\\/grupo.silcar\\\/\",\"https:\\\/\\\/www.youtube.com\\\/channel\\\/UCQHEcWB82lZeO0DePCCjuWg\",\"https:\\\/\\\/www.linkedin.com\\\/company\\\/autoelevadores-silcar\\\/\"]}]}<\/script>\n<!-- \/ Yoast SEO plugin. -->","yoast_head_json":{"title":"Autoelevador Diesel FB25 -CT Power","description":"El CT Power FG25 es un autoelevador a gas de alto rendimiento, equipado con motor Nissan y transmisi\u00f3n autom\u00e1tica. Con una capacidad de carga de 2.500 kg.","robots":{"index":"index","follow":"follow","max-snippet":"max-snippet:-1","max-image-preview":"max-image-preview:large","max-video-preview":"max-video-preview:-1"},"canonical":"https:\/\/www.autoelevadoresilcar.com.ar\/toyota\/producto\/autoelevador-diesel-fb25\/","og_locale":"es_ES","og_type":"article","og_title":"Autoelevador Diesel FB25 -CT Power","og_description":"El CT Power FG25 es un autoelevador a gas de alto rendimiento, equipado con motor Nissan y transmisi\u00f3n autom\u00e1tica. Con una capacidad de carga de 2.500 kg.","og_url":"https:\/\/www.autoelevadoresilcar.com.ar\/toyota\/producto\/autoelevador-diesel-fb25\/","og_site_name":"Autoelevadores Silcar","article_publisher":"https:\/\/www.facebook.com\/gruposilcarargentina\/","article_modified_time":"2025-12-08T13:30:51+00:00","og_image":[{"width":500,"height":417,"url":"https:\/\/www.autoelevadoresilcar.com.ar\/toyota\/wp-content\/uploads\/2025\/12\/ct-power-glp.jpg","type":"image\/jpeg"}],"twitter_card":"summary_large_image","twitter_site":"@gruposilcar","twitter_misc":{"Tiempo de lectura":"2 minutos"},"schema":{"@context":"https:\/\/schema.org","@graph":[{"@type":"WebPage","@id":"https:\/\/www.autoelevadoresilcar.com.ar\/toyota\/producto\/autoelevador-diesel-fb25\/","url":"https:\/\/www.autoelevadoresilcar.com.ar\/toyota\/producto\/autoelevador-diesel-fb25\/","name":"Autoelevador Diesel FB25 -CT Power","isPartOf":{"@id":"https:\/\/www.autoelevadoresilcar.com.ar\/toyota\/#website"},"primaryImageOfPage":{"@id":"https:\/\/www.autoelevadoresilcar.com.ar\/toyota\/producto\/autoelevador-diesel-fb25\/#primaryimage"},"image":{"@id":"https:\/\/www.autoelevadoresilcar.com.ar\/toyota\/producto\/autoelevador-diesel-fb25\/#primaryimage"},"thumbnailUrl":"https:\/\/www.autoelevadoresilcar.com.ar\/toyota\/wp-content\/uploads\/2025\/12\/ct-power-glp.jpg","datePublished":"2025-12-08T13:23:44+00:00","dateModified":"2025-12-08T13:30:51+00:00","description":"El CT Power FG25 es un autoelevador a gas de alto rendimiento, equipado con motor Nissan y transmisi\u00f3n autom\u00e1tica. Con una capacidad de carga de 2.500 kg.","breadcrumb":{"@id":"https:\/\/www.autoelevadoresilcar.com.ar\/toyota\/producto\/autoelevador-diesel-fb25\/#breadcrumb"},"inLanguage":"es-AR","potentialAction":[{"@type":"ReadAction","target":["https:\/\/www.autoelevadoresilcar.com.ar\/toyota\/producto\/autoelevador-diesel-fb25\/"]}]},{"@type":"ImageObject","inLanguage":"es-AR","@id":"https:\/\/www.autoelevadoresilcar.com.ar\/toyota\/producto\/autoelevador-diesel-fb25\/#primaryimage","url":"https:\/\/www.autoelevadoresilcar.com.ar\/toyota\/wp-content\/uploads\/2025\/12\/ct-power-glp.jpg","contentUrl":"https:\/\/www.autoelevadoresilcar.com.ar\/toyota\/wp-content\/uploads\/2025\/12\/ct-power-glp.jpg","width":500,"height":417,"caption":"ct power glp"},{"@type":"BreadcrumbList","@id":"https:\/\/www.autoelevadoresilcar.com.ar\/toyota\/producto\/autoelevador-diesel-fb25\/#breadcrumb","itemListElement":[{"@type":"ListItem","position":1,"name":"Inicio","item":"https:\/\/www.autoelevadoresilcar.com.ar\/toyota\/"},{"@type":"ListItem","position":2,"name":"Productos","item":"https:\/\/www.autoelevadoresilcar.com.ar\/toyota\/productos\/"},{"@type":"ListItem","position":3,"name":"Autoelevador Diesel FB25"}]},{"@type":"WebSite","@id":"https:\/\/www.autoelevadoresilcar.com.ar\/toyota\/#website","url":"https:\/\/www.autoelevadoresilcar.com.ar\/toyota\/","name":"Autoelevadores Silcar","description":"","publisher":{"@id":"https:\/\/www.autoelevadoresilcar.com.ar\/toyota\/#organization"},"alternateName":"Autoelevadores Toyota","potentialAction":[{"@type":"SearchAction","target":{"@type":"EntryPoint","urlTemplate":"https:\/\/www.autoelevadoresilcar.com.ar\/toyota\/?s={search_term_string}"},"query-input":{"@type":"PropertyValueSpecification","valueRequired":true,"valueName":"search_term_string"}}],"inLanguage":"es-AR"},{"@type":"Organization","@id":"https:\/\/www.autoelevadoresilcar.com.ar\/toyota\/#organization","name":"Autoelevadores Silcar","alternateName":"Autoelevadores Toyota","url":"https:\/\/www.autoelevadoresilcar.com.ar\/toyota\/","logo":{"@type":"ImageObject","inLanguage":"es-AR","@id":"https:\/\/www.autoelevadoresilcar.com.ar\/toyota\/#\/schema\/logo\/image\/","url":"https:\/\/www.autoelevadoresilcar.com.ar\/toyota\/wp-content\/uploads\/2025\/10\/autoelevadores-toyota.jpg","contentUrl":"https:\/\/www.autoelevadoresilcar.com.ar\/toyota\/wp-content\/uploads\/2025\/10\/autoelevadores-toyota.jpg","width":1903,"height":1189,"caption":"Autoelevadores Silcar"},"image":{"@id":"https:\/\/www.autoelevadoresilcar.com.ar\/toyota\/#\/schema\/logo\/image\/"},"sameAs":["https:\/\/www.facebook.com\/gruposilcarargentina\/","https:\/\/x.com\/gruposilcar","https:\/\/www.instagram.com\/grupo.silcar\/","https:\/\/www.youtube.com\/channel\/UCQHEcWB82lZeO0DePCCjuWg","https:\/\/www.linkedin.com\/company\/autoelevadores-silcar\/"]}]}},"_links":{"self":[{"href":"https:\/\/www.autoelevadoresilcar.com.ar\/toyota\/wp-json\/wp\/v2\/product\/5310","targetHints":{"allow":["GET"]}}],"collection":[{"href":"https:\/\/www.autoelevadoresilcar.com.ar\/toyota\/wp-json\/wp\/v2\/product"}],"about":[{"href":"https:\/\/www.autoelevadoresilcar.com.ar\/toyota\/wp-json\/wp\/v2\/types\/product"}],"wp:featuredmedia":[{"embeddable":true,"href":"https:\/\/www.autoelevadoresilcar.com.ar\/toyota\/wp-json\/wp\/v2\/media\/5311"}],"wp:attachment":[{"href":"https:\/\/www.autoelevadoresilcar.com.ar\/toyota\/wp-json\/wp\/v2\/media?parent=5310"}],"wp:term":[{"taxonomy":"product_brand","embeddable":true,"href":"https:\/\/www.autoelevadoresilcar.com.ar\/toyota\/wp-json\/wp\/v2\/product_brand?post=5310"},{"taxonomy":"product_cat","embeddable":true,"href":"https:\/\/www.autoelevadoresilcar.com.ar\/toyota\/wp-json\/wp\/v2\/product_cat?post=5310"},{"taxonomy":"product_tag","embeddable":true,"href":"https:\/\/www.autoelevadoresilcar.com.ar\/toyota\/wp-json\/wp\/v2\/product_tag?post=5310"}],"curies":[{"name":"wp","href":"https:\/\/api.w.org\/{rel}","templated":true}]}}