{"id":5287,"date":"2025-12-08T07:47:55","date_gmt":"2025-12-08T10:47:55","guid":{"rendered":"https:\/\/www.autoelevadoresilcar.com.ar\/toyota\/?post_type=product&#038;p=5287"},"modified":"2025-12-08T07:47:55","modified_gmt":"2025-12-08T10:47:55","slug":"s4726e","status":"publish","type":"product","link":"https:\/\/www.autoelevadoresilcar.com.ar\/toyota\/producto\/s4726e\/","title":{"rendered":"S4726E"},"content":{"rendered":"","protected":false},"excerpt":{"rendered":"<div class=\"single-product--accordion-section first\">\n<div id=\"accordion-1\" class=\"single-product--accordion-section-content open\">\n<div>\n<p><span class=\"notranslate\">El elevador de tijera el\u00e9ctrico Snorkel S4726E est\u00e1 dise\u00f1ado para manejar cargas pesadas.<\/span>\u00a0<span class=\"notranslate\">Con una gran capacidad de levantamiento y una plataforma espaciosa con plataforma de extensi\u00f3n deslizable, el S4726E puede manejar la mayor\u00eda de las aplicaciones.<\/span>\u00a0<span class=\"notranslate\">Fabricado en acero de alta resistencia y dise\u00f1ado para una larga vida \u00fatil, el S4726E ofrece un bajo costo total de propiedad.<\/span><\/p>\n<\/div>\n<\/div>\n<\/div>\n","protected":false},"featured_media":5288,"template":"","meta":{"_joinchat":[]},"product_brand":[68],"product_cat":[86],"product_tag":[161,163],"class_list":{"0":"post-5287","1":"product","2":"type-product","3":"status-publish","4":"has-post-thumbnail","6":"product_brand-silcar-elevacion-de-personas","7":"product_cat-plataformas-electricas","8":"product_tag-plataformas-electricas","9":"product_tag-s4726e","11":"first","12":"instock","13":"shipping-taxable","14":"product-type-simple"},"yoast_head":"<!-- This site is optimized with the Yoast SEO plugin v27.5 - https:\/\/yoast.com\/product\/yoast-seo-wordpress\/ -->\n<title>S4726E - Plataformas El\u00e9ctricas - Silcar Personas<\/title>\n<meta name=\"description\" content=\"S4726E \u2013 Plataforma el\u00e9ctrica de elevaci\u00f3n con gran altura de trabajo y excelente estabilidad. Una soluci\u00f3n eficiente y silenciosa de Silcar Elevaci\u00f3n.\" \/>\n<meta name=\"robots\" content=\"index, follow, max-snippet:-1, max-image-preview:large, max-video-preview:-1\" \/>\n<link rel=\"canonical\" href=\"https:\/\/www.autoelevadoresilcar.com.ar\/toyota\/producto\/s4726e\/\" \/>\n<meta property=\"og:locale\" content=\"es_ES\" \/>\n<meta property=\"og:type\" content=\"article\" \/>\n<meta property=\"og:title\" content=\"S4726E - Plataformas El\u00e9ctricas - Silcar Personas\" \/>\n<meta property=\"og:description\" content=\"S4726E \u2013 Plataforma el\u00e9ctrica de elevaci\u00f3n con gran altura de trabajo y excelente estabilidad. Una soluci\u00f3n eficiente y silenciosa de Silcar Elevaci\u00f3n.\" \/>\n<meta property=\"og:url\" content=\"https:\/\/www.autoelevadoresilcar.com.ar\/toyota\/producto\/s4726e\/\" \/>\n<meta property=\"og:site_name\" content=\"Autoelevadores Silcar\" \/>\n<meta property=\"article:publisher\" content=\"https:\/\/www.facebook.com\/gruposilcarargentina\/\" \/>\n<meta property=\"og:image\" content=\"https:\/\/www.autoelevadoresilcar.com.ar\/toyota\/wp-content\/uploads\/2025\/12\/4726E.jpg\" \/>\n\t<meta property=\"og:image:width\" content=\"724\" \/>\n\t<meta property=\"og:image:height\" content=\"650\" \/>\n\t<meta property=\"og:image:type\" content=\"image\/jpeg\" \/>\n<meta name=\"twitter:card\" content=\"summary_large_image\" \/>\n<meta name=\"twitter:site\" content=\"@gruposilcar\" \/>\n<meta name=\"twitter:label1\" content=\"Tiempo de lectura\" \/>\n\t<meta name=\"twitter:data1\" content=\"1 minuto\" \/>\n<script type=\"application\/ld+json\" class=\"yoast-schema-graph\">{\"@context\":\"https:\\\/\\\/schema.org\",\"@graph\":[{\"@type\":\"WebPage\",\"@id\":\"https:\\\/\\\/www.autoelevadoresilcar.com.ar\\\/toyota\\\/producto\\\/s4726e\\\/\",\"url\":\"https:\\\/\\\/www.autoelevadoresilcar.com.ar\\\/toyota\\\/producto\\\/s4726e\\\/\",\"name\":\"S4726E - Plataformas El\u00e9ctricas - Silcar Personas\",\"isPartOf\":{\"@id\":\"https:\\\/\\\/www.autoelevadoresilcar.com.ar\\\/toyota\\\/#website\"},\"primaryImageOfPage\":{\"@id\":\"https:\\\/\\\/www.autoelevadoresilcar.com.ar\\\/toyota\\\/producto\\\/s4726e\\\/#primaryimage\"},\"image\":{\"@id\":\"https:\\\/\\\/www.autoelevadoresilcar.com.ar\\\/toyota\\\/producto\\\/s4726e\\\/#primaryimage\"},\"thumbnailUrl\":\"https:\\\/\\\/www.autoelevadoresilcar.com.ar\\\/toyota\\\/wp-content\\\/uploads\\\/2025\\\/12\\\/4726E.jpg\",\"datePublished\":\"2025-12-08T10:47:55+00:00\",\"description\":\"S4726E \u2013 Plataforma el\u00e9ctrica de elevaci\u00f3n con gran altura de trabajo y excelente estabilidad. Una soluci\u00f3n eficiente y silenciosa de Silcar Elevaci\u00f3n.\",\"breadcrumb\":{\"@id\":\"https:\\\/\\\/www.autoelevadoresilcar.com.ar\\\/toyota\\\/producto\\\/s4726e\\\/#breadcrumb\"},\"inLanguage\":\"es-AR\",\"potentialAction\":[{\"@type\":\"ReadAction\",\"target\":[\"https:\\\/\\\/www.autoelevadoresilcar.com.ar\\\/toyota\\\/producto\\\/s4726e\\\/\"]}]},{\"@type\":\"ImageObject\",\"inLanguage\":\"es-AR\",\"@id\":\"https:\\\/\\\/www.autoelevadoresilcar.com.ar\\\/toyota\\\/producto\\\/s4726e\\\/#primaryimage\",\"url\":\"https:\\\/\\\/www.autoelevadoresilcar.com.ar\\\/toyota\\\/wp-content\\\/uploads\\\/2025\\\/12\\\/4726E.jpg\",\"contentUrl\":\"https:\\\/\\\/www.autoelevadoresilcar.com.ar\\\/toyota\\\/wp-content\\\/uploads\\\/2025\\\/12\\\/4726E.jpg\",\"width\":724,\"height\":650,\"caption\":\"4726E\"},{\"@type\":\"BreadcrumbList\",\"@id\":\"https:\\\/\\\/www.autoelevadoresilcar.com.ar\\\/toyota\\\/producto\\\/s4726e\\\/#breadcrumb\",\"itemListElement\":[{\"@type\":\"ListItem\",\"position\":1,\"name\":\"Inicio\",\"item\":\"https:\\\/\\\/www.autoelevadoresilcar.com.ar\\\/toyota\\\/\"},{\"@type\":\"ListItem\",\"position\":2,\"name\":\"Productos\",\"item\":\"https:\\\/\\\/www.autoelevadoresilcar.com.ar\\\/toyota\\\/productos\\\/\"},{\"@type\":\"ListItem\",\"position\":3,\"name\":\"S4726E\"}]},{\"@type\":\"WebSite\",\"@id\":\"https:\\\/\\\/www.autoelevadoresilcar.com.ar\\\/toyota\\\/#website\",\"url\":\"https:\\\/\\\/www.autoelevadoresilcar.com.ar\\\/toyota\\\/\",\"name\":\"Autoelevadores Silcar\",\"description\":\"\",\"publisher\":{\"@id\":\"https:\\\/\\\/www.autoelevadoresilcar.com.ar\\\/toyota\\\/#organization\"},\"alternateName\":\"Autoelevadores Toyota\",\"potentialAction\":[{\"@type\":\"SearchAction\",\"target\":{\"@type\":\"EntryPoint\",\"urlTemplate\":\"https:\\\/\\\/www.autoelevadoresilcar.com.ar\\\/toyota\\\/?s={search_term_string}\"},\"query-input\":{\"@type\":\"PropertyValueSpecification\",\"valueRequired\":true,\"valueName\":\"search_term_string\"}}],\"inLanguage\":\"es-AR\"},{\"@type\":\"Organization\",\"@id\":\"https:\\\/\\\/www.autoelevadoresilcar.com.ar\\\/toyota\\\/#organization\",\"name\":\"Autoelevadores Silcar\",\"alternateName\":\"Autoelevadores Toyota\",\"url\":\"https:\\\/\\\/www.autoelevadoresilcar.com.ar\\\/toyota\\\/\",\"logo\":{\"@type\":\"ImageObject\",\"inLanguage\":\"es-AR\",\"@id\":\"https:\\\/\\\/www.autoelevadoresilcar.com.ar\\\/toyota\\\/#\\\/schema\\\/logo\\\/image\\\/\",\"url\":\"https:\\\/\\\/www.autoelevadoresilcar.com.ar\\\/toyota\\\/wp-content\\\/uploads\\\/2025\\\/10\\\/autoelevadores-toyota.jpg\",\"contentUrl\":\"https:\\\/\\\/www.autoelevadoresilcar.com.ar\\\/toyota\\\/wp-content\\\/uploads\\\/2025\\\/10\\\/autoelevadores-toyota.jpg\",\"width\":1903,\"height\":1189,\"caption\":\"Autoelevadores Silcar\"},\"image\":{\"@id\":\"https:\\\/\\\/www.autoelevadoresilcar.com.ar\\\/toyota\\\/#\\\/schema\\\/logo\\\/image\\\/\"},\"sameAs\":[\"https:\\\/\\\/www.facebook.com\\\/gruposilcarargentina\\\/\",\"https:\\\/\\\/x.com\\\/gruposilcar\",\"https:\\\/\\\/www.instagram.com\\\/grupo.silcar\\\/\",\"https:\\\/\\\/www.youtube.com\\\/channel\\\/UCQHEcWB82lZeO0DePCCjuWg\",\"https:\\\/\\\/www.linkedin.com\\\/company\\\/autoelevadores-silcar\\\/\"]}]}<\/script>\n<!-- \/ Yoast SEO plugin. -->","yoast_head_json":{"title":"S4726E - Plataformas El\u00e9ctricas - Silcar Personas","description":"S4726E \u2013 Plataforma el\u00e9ctrica de elevaci\u00f3n con gran altura de trabajo y excelente estabilidad. Una soluci\u00f3n eficiente y silenciosa de Silcar Elevaci\u00f3n.","robots":{"index":"index","follow":"follow","max-snippet":"max-snippet:-1","max-image-preview":"max-image-preview:large","max-video-preview":"max-video-preview:-1"},"canonical":"https:\/\/www.autoelevadoresilcar.com.ar\/toyota\/producto\/s4726e\/","og_locale":"es_ES","og_type":"article","og_title":"S4726E - Plataformas El\u00e9ctricas - Silcar Personas","og_description":"S4726E \u2013 Plataforma el\u00e9ctrica de elevaci\u00f3n con gran altura de trabajo y excelente estabilidad. Una soluci\u00f3n eficiente y silenciosa de Silcar Elevaci\u00f3n.","og_url":"https:\/\/www.autoelevadoresilcar.com.ar\/toyota\/producto\/s4726e\/","og_site_name":"Autoelevadores Silcar","article_publisher":"https:\/\/www.facebook.com\/gruposilcarargentina\/","og_image":[{"width":724,"height":650,"url":"https:\/\/www.autoelevadoresilcar.com.ar\/toyota\/wp-content\/uploads\/2025\/12\/4726E.jpg","type":"image\/jpeg"}],"twitter_card":"summary_large_image","twitter_site":"@gruposilcar","twitter_misc":{"Tiempo de lectura":"1 minuto"},"schema":{"@context":"https:\/\/schema.org","@graph":[{"@type":"WebPage","@id":"https:\/\/www.autoelevadoresilcar.com.ar\/toyota\/producto\/s4726e\/","url":"https:\/\/www.autoelevadoresilcar.com.ar\/toyota\/producto\/s4726e\/","name":"S4726E - Plataformas El\u00e9ctricas - Silcar Personas","isPartOf":{"@id":"https:\/\/www.autoelevadoresilcar.com.ar\/toyota\/#website"},"primaryImageOfPage":{"@id":"https:\/\/www.autoelevadoresilcar.com.ar\/toyota\/producto\/s4726e\/#primaryimage"},"image":{"@id":"https:\/\/www.autoelevadoresilcar.com.ar\/toyota\/producto\/s4726e\/#primaryimage"},"thumbnailUrl":"https:\/\/www.autoelevadoresilcar.com.ar\/toyota\/wp-content\/uploads\/2025\/12\/4726E.jpg","datePublished":"2025-12-08T10:47:55+00:00","description":"S4726E \u2013 Plataforma el\u00e9ctrica de elevaci\u00f3n con gran altura de trabajo y excelente estabilidad. Una soluci\u00f3n eficiente y silenciosa de Silcar Elevaci\u00f3n.","breadcrumb":{"@id":"https:\/\/www.autoelevadoresilcar.com.ar\/toyota\/producto\/s4726e\/#breadcrumb"},"inLanguage":"es-AR","potentialAction":[{"@type":"ReadAction","target":["https:\/\/www.autoelevadoresilcar.com.ar\/toyota\/producto\/s4726e\/"]}]},{"@type":"ImageObject","inLanguage":"es-AR","@id":"https:\/\/www.autoelevadoresilcar.com.ar\/toyota\/producto\/s4726e\/#primaryimage","url":"https:\/\/www.autoelevadoresilcar.com.ar\/toyota\/wp-content\/uploads\/2025\/12\/4726E.jpg","contentUrl":"https:\/\/www.autoelevadoresilcar.com.ar\/toyota\/wp-content\/uploads\/2025\/12\/4726E.jpg","width":724,"height":650,"caption":"4726E"},{"@type":"BreadcrumbList","@id":"https:\/\/www.autoelevadoresilcar.com.ar\/toyota\/producto\/s4726e\/#breadcrumb","itemListElement":[{"@type":"ListItem","position":1,"name":"Inicio","item":"https:\/\/www.autoelevadoresilcar.com.ar\/toyota\/"},{"@type":"ListItem","position":2,"name":"Productos","item":"https:\/\/www.autoelevadoresilcar.com.ar\/toyota\/productos\/"},{"@type":"ListItem","position":3,"name":"S4726E"}]},{"@type":"WebSite","@id":"https:\/\/www.autoelevadoresilcar.com.ar\/toyota\/#website","url":"https:\/\/www.autoelevadoresilcar.com.ar\/toyota\/","name":"Autoelevadores Silcar","description":"","publisher":{"@id":"https:\/\/www.autoelevadoresilcar.com.ar\/toyota\/#organization"},"alternateName":"Autoelevadores Toyota","potentialAction":[{"@type":"SearchAction","target":{"@type":"EntryPoint","urlTemplate":"https:\/\/www.autoelevadoresilcar.com.ar\/toyota\/?s={search_term_string}"},"query-input":{"@type":"PropertyValueSpecification","valueRequired":true,"valueName":"search_term_string"}}],"inLanguage":"es-AR"},{"@type":"Organization","@id":"https:\/\/www.autoelevadoresilcar.com.ar\/toyota\/#organization","name":"Autoelevadores Silcar","alternateName":"Autoelevadores Toyota","url":"https:\/\/www.autoelevadoresilcar.com.ar\/toyota\/","logo":{"@type":"ImageObject","inLanguage":"es-AR","@id":"https:\/\/www.autoelevadoresilcar.com.ar\/toyota\/#\/schema\/logo\/image\/","url":"https:\/\/www.autoelevadoresilcar.com.ar\/toyota\/wp-content\/uploads\/2025\/10\/autoelevadores-toyota.jpg","contentUrl":"https:\/\/www.autoelevadoresilcar.com.ar\/toyota\/wp-content\/uploads\/2025\/10\/autoelevadores-toyota.jpg","width":1903,"height":1189,"caption":"Autoelevadores Silcar"},"image":{"@id":"https:\/\/www.autoelevadoresilcar.com.ar\/toyota\/#\/schema\/logo\/image\/"},"sameAs":["https:\/\/www.facebook.com\/gruposilcarargentina\/","https:\/\/x.com\/gruposilcar","https:\/\/www.instagram.com\/grupo.silcar\/","https:\/\/www.youtube.com\/channel\/UCQHEcWB82lZeO0DePCCjuWg","https:\/\/www.linkedin.com\/company\/autoelevadores-silcar\/"]}]}},"_links":{"self":[{"href":"https:\/\/www.autoelevadoresilcar.com.ar\/toyota\/wp-json\/wp\/v2\/product\/5287","targetHints":{"allow":["GET"]}}],"collection":[{"href":"https:\/\/www.autoelevadoresilcar.com.ar\/toyota\/wp-json\/wp\/v2\/product"}],"about":[{"href":"https:\/\/www.autoelevadoresilcar.com.ar\/toyota\/wp-json\/wp\/v2\/types\/product"}],"wp:featuredmedia":[{"embeddable":true,"href":"https:\/\/www.autoelevadoresilcar.com.ar\/toyota\/wp-json\/wp\/v2\/media\/5288"}],"wp:attachment":[{"href":"https:\/\/www.autoelevadoresilcar.com.ar\/toyota\/wp-json\/wp\/v2\/media?parent=5287"}],"wp:term":[{"taxonomy":"product_brand","embeddable":true,"href":"https:\/\/www.autoelevadoresilcar.com.ar\/toyota\/wp-json\/wp\/v2\/product_brand?post=5287"},{"taxonomy":"product_cat","embeddable":true,"href":"https:\/\/www.autoelevadoresilcar.com.ar\/toyota\/wp-json\/wp\/v2\/product_cat?post=5287"},{"taxonomy":"product_tag","embeddable":true,"href":"https:\/\/www.autoelevadoresilcar.com.ar\/toyota\/wp-json\/wp\/v2\/product_tag?post=5287"}],"curies":[{"name":"wp","href":"https:\/\/api.w.org\/{rel}","templated":true}]}}