{"id":5226,"date":"2025-12-02T10:39:50","date_gmt":"2025-12-02T13:39:50","guid":{"rendered":"https:\/\/www.autoelevadoresilcar.com.ar\/toyota\/?post_type=product&#038;p=5226"},"modified":"2025-12-02T10:40:47","modified_gmt":"2025-12-02T13:40:47","slug":"toyota-8fbr10-30","status":"publish","type":"product","link":"https:\/\/www.autoelevadoresilcar.com.ar\/toyota\/producto\/toyota-8fbr10-30\/","title":{"rendered":"Toyota 8FBR10 30"},"content":{"rendered":"<table class=\"table\">\n<tbody>\n<tr>\n<th>Modelo<\/th>\n<th>8FBR10<\/th>\n<th>8FBR13<\/th>\n<th>8FBR15<\/th>\n<th>8FBR18<\/th>\n<th>8FBR20<\/th>\n<th>8FBR25<\/th>\n<th>8FBR30<\/th>\n<th>8FBRS20<\/th>\n<th>8FBRS25<\/th>\n<\/tr>\n<tr>\n<td>Posici\u00f3n de Trabajo<\/td>\n<td>De Pie<\/td>\n<td>De Pie<\/td>\n<td>De Pie<\/td>\n<td>De Pie<\/td>\n<td>De Pie<\/td>\n<td>De Pie<\/td>\n<td>De Pie<\/td>\n<td>De Pie<\/td>\n<td>De Pie<\/td>\n<\/tr>\n<tr>\n<td>Capacidad Nominal de Carga (Kg)<\/td>\n<td>1000<\/td>\n<td>1250<\/td>\n<td>1500<\/td>\n<td>1800<\/td>\n<td>2000<\/td>\n<td>2500<\/td>\n<td>3000<\/td>\n<td>2000<\/td>\n<td>2500<\/td>\n<\/tr>\n<tr>\n<td>Centro de Carga (mm)<\/td>\n<td>500<\/td>\n<td>500<\/td>\n<td>500<\/td>\n<td>500<\/td>\n<td>500<\/td>\n<td>500<\/td>\n<td>500<\/td>\n<td>500<\/td>\n<td>500<\/td>\n<\/tr>\n<tr>\n<td>Ancho Total (mm)<\/td>\n<td>1090<\/td>\n<td>1090<\/td>\n<td>1090<\/td>\n<td>1090<\/td>\n<td>1190<\/td>\n<td>1190<\/td>\n<td>1240<\/td>\n<td>1190<\/td>\n<td>1190<\/td>\n<\/tr>\n<tr>\n<td>Radio de Giro (mm)<\/td>\n<td>1340<\/td>\n<td>1490<\/td>\n<td>1580<\/td>\n<td>1730<\/td>\n<td>1750<\/td>\n<td>1950<\/td>\n<td>2000<\/td>\n<td>1750<\/td>\n<td>1950<\/td>\n<\/tr>\n<tr>\n<td>Altura del Techo (mm)<\/td>\n<td>2250<\/td>\n<td>2250<\/td>\n<td>2250<\/td>\n<td>2250<\/td>\n<td>2330<\/td>\n<td>2330<\/td>\n<td>2330<\/td>\n<td>2330<\/td>\n<td>2330<\/td>\n<\/tr>\n<tr>\n<td>Largo (sin u\u00f1as) (mm)<\/td>\n<td>1050<\/td>\n<td>1050<\/td>\n<td>1155<\/td>\n<td>1155<\/td>\n<td>1250<\/td>\n<td>1270<\/td>\n<td>1320<\/td>\n<td>1250<\/td>\n<td>1270<\/td>\n<\/tr>\n<\/tbody>\n<\/table>\n","protected":false},"excerpt":{"rendered":"<p data-start=\"82\" data-end=\"286\">La tecnolog\u00eda <strong data-start=\"96\" data-end=\"133\">Toyota Material Handling Mercosur<\/strong> garantiza una operaci\u00f3n segura, confiable y con <strong data-start=\"182\" data-end=\"209\">rentabilidad prolongada<\/strong>, ofreciendo equipos dise\u00f1ados para maximizar el rendimiento en cada jornada.<\/p>\n<p data-start=\"288\" data-end=\"687\">Este modelo se entrega <strong data-start=\"311\" data-end=\"334\">de manera inmediata<\/strong>, incluye <strong data-start=\"344\" data-end=\"366\">un a\u00f1o de garant\u00eda<\/strong>, y viene provisto con <strong data-start=\"389\" data-end=\"411\">bater\u00eda y cargador<\/strong> para asegurar un funcionamiento continuo desde el primer d\u00eda.<br data-start=\"473\" data-end=\"476\" \/>Adem\u00e1s, es un equipo <strong data-start=\"497\" data-end=\"510\">ecol\u00f3gico<\/strong>, con <strong data-start=\"516\" data-end=\"548\" data-is-only-node=\"\">direcci\u00f3n asistida el\u00e9ctrica<\/strong>, <strong data-start=\"550\" data-end=\"579\">velocidad de hasta 8 km\/h<\/strong> y un dise\u00f1o pensado para brindar <strong data-start=\"613\" data-end=\"626\">seguridad<\/strong>, <strong data-start=\"628\" data-end=\"641\">ergonom\u00eda<\/strong> y <strong data-start=\"644\" data-end=\"669\">eficiencia energ\u00e9tica<\/strong> en cada maniobra.<\/p>\n<p data-start=\"689\" data-end=\"704\"><strong>Ideal para:<\/strong> Almacenaje en altura, empresas de log\u00edstica y dep\u00f3sitos de grandes dimensiones y alta rotaci\u00f3n<\/p>\n<p data-start=\"810\" data-end=\"918\" data-is-last-node=\"\" data-is-only-node=\"\">Una soluci\u00f3n moderna, eficiente y confiable para optimizar tus procesos de movimiento y elevaci\u00f3n de cargas.<\/p>\n","protected":false},"featured_media":5227,"template":"","meta":{"_joinchat":[]},"product_brand":[65],"product_cat":[77],"product_tag":[136,135],"class_list":{"0":"post-5226","1":"product","2":"type-product","3":"status-publish","4":"has-post-thumbnail","6":"product_brand-toyota-material-handling","7":"product_cat-apiladores-reach","8":"product_tag-apiladores-reach","9":"product_tag-apiladores-reach-hombre-parado","11":"first","12":"instock","13":"shipping-taxable","14":"product-type-simple"},"yoast_head":"<!-- This site is optimized with the Yoast SEO plugin v27.5 - https:\/\/yoast.com\/product\/yoast-seo-wordpress\/ -->\n<title>Toyota 8FBR10 30 - Apiladores Reach - Hombre Parado<\/title>\n<meta name=\"description\" content=\"Toyota 8FBR10\/30 \u2013 Apilador Reach para operador parado, dise\u00f1ado para operaciones intensivas con gran alcance, estabilidad y eficiencia.\" \/>\n<meta name=\"robots\" content=\"index, follow, max-snippet:-1, max-image-preview:large, max-video-preview:-1\" \/>\n<link rel=\"canonical\" href=\"https:\/\/www.autoelevadoresilcar.com.ar\/toyota\/producto\/toyota-8fbr10-30\/\" \/>\n<meta property=\"og:locale\" content=\"es_ES\" \/>\n<meta property=\"og:type\" content=\"article\" \/>\n<meta property=\"og:title\" content=\"Toyota 8FBR10 30 - Apiladores Reach - Hombre Parado\" \/>\n<meta property=\"og:description\" content=\"Toyota 8FBR10\/30 \u2013 Apilador Reach para operador parado, dise\u00f1ado para operaciones intensivas con gran alcance, estabilidad y eficiencia.\" \/>\n<meta property=\"og:url\" content=\"https:\/\/www.autoelevadoresilcar.com.ar\/toyota\/producto\/toyota-8fbr10-30\/\" \/>\n<meta property=\"og:site_name\" content=\"Autoelevadores Silcar\" \/>\n<meta property=\"article:publisher\" content=\"https:\/\/www.facebook.com\/gruposilcarargentina\/\" \/>\n<meta property=\"article:modified_time\" content=\"2025-12-02T13:40:47+00:00\" \/>\n<meta property=\"og:image\" content=\"https:\/\/www.autoelevadoresilcar.com.ar\/toyota\/wp-content\/uploads\/2025\/12\/1-5.jpg\" \/>\n\t<meta property=\"og:image:width\" content=\"806\" \/>\n\t<meta property=\"og:image:height\" content=\"650\" \/>\n\t<meta property=\"og:image:type\" content=\"image\/jpeg\" \/>\n<meta name=\"twitter:card\" content=\"summary_large_image\" \/>\n<meta name=\"twitter:site\" content=\"@gruposilcar\" \/>\n<meta name=\"twitter:label1\" content=\"Tiempo de lectura\" \/>\n\t<meta name=\"twitter:data1\" content=\"1 minuto\" \/>\n<script type=\"application\/ld+json\" class=\"yoast-schema-graph\">{\"@context\":\"https:\\\/\\\/schema.org\",\"@graph\":[{\"@type\":\"WebPage\",\"@id\":\"https:\\\/\\\/www.autoelevadoresilcar.com.ar\\\/toyota\\\/producto\\\/toyota-8fbr10-30\\\/\",\"url\":\"https:\\\/\\\/www.autoelevadoresilcar.com.ar\\\/toyota\\\/producto\\\/toyota-8fbr10-30\\\/\",\"name\":\"Toyota 8FBR10 30 - Apiladores Reach - Hombre Parado\",\"isPartOf\":{\"@id\":\"https:\\\/\\\/www.autoelevadoresilcar.com.ar\\\/toyota\\\/#website\"},\"primaryImageOfPage\":{\"@id\":\"https:\\\/\\\/www.autoelevadoresilcar.com.ar\\\/toyota\\\/producto\\\/toyota-8fbr10-30\\\/#primaryimage\"},\"image\":{\"@id\":\"https:\\\/\\\/www.autoelevadoresilcar.com.ar\\\/toyota\\\/producto\\\/toyota-8fbr10-30\\\/#primaryimage\"},\"thumbnailUrl\":\"https:\\\/\\\/www.autoelevadoresilcar.com.ar\\\/toyota\\\/wp-content\\\/uploads\\\/2025\\\/12\\\/1-5.jpg\",\"datePublished\":\"2025-12-02T13:39:50+00:00\",\"dateModified\":\"2025-12-02T13:40:47+00:00\",\"description\":\"Toyota 8FBR10\\\/30 \u2013 Apilador Reach para operador parado, dise\u00f1ado para operaciones intensivas con gran alcance, estabilidad y eficiencia.\",\"breadcrumb\":{\"@id\":\"https:\\\/\\\/www.autoelevadoresilcar.com.ar\\\/toyota\\\/producto\\\/toyota-8fbr10-30\\\/#breadcrumb\"},\"inLanguage\":\"es-AR\",\"potentialAction\":[{\"@type\":\"ReadAction\",\"target\":[\"https:\\\/\\\/www.autoelevadoresilcar.com.ar\\\/toyota\\\/producto\\\/toyota-8fbr10-30\\\/\"]}]},{\"@type\":\"ImageObject\",\"inLanguage\":\"es-AR\",\"@id\":\"https:\\\/\\\/www.autoelevadoresilcar.com.ar\\\/toyota\\\/producto\\\/toyota-8fbr10-30\\\/#primaryimage\",\"url\":\"https:\\\/\\\/www.autoelevadoresilcar.com.ar\\\/toyota\\\/wp-content\\\/uploads\\\/2025\\\/12\\\/1-5.jpg\",\"contentUrl\":\"https:\\\/\\\/www.autoelevadoresilcar.com.ar\\\/toyota\\\/wp-content\\\/uploads\\\/2025\\\/12\\\/1-5.jpg\",\"width\":806,\"height\":650,\"caption\":\"Toyota 8FBR10 30\"},{\"@type\":\"BreadcrumbList\",\"@id\":\"https:\\\/\\\/www.autoelevadoresilcar.com.ar\\\/toyota\\\/producto\\\/toyota-8fbr10-30\\\/#breadcrumb\",\"itemListElement\":[{\"@type\":\"ListItem\",\"position\":1,\"name\":\"Inicio\",\"item\":\"https:\\\/\\\/www.autoelevadoresilcar.com.ar\\\/toyota\\\/\"},{\"@type\":\"ListItem\",\"position\":2,\"name\":\"Productos\",\"item\":\"https:\\\/\\\/www.autoelevadoresilcar.com.ar\\\/toyota\\\/productos\\\/\"},{\"@type\":\"ListItem\",\"position\":3,\"name\":\"Toyota 8FBR10 30\"}]},{\"@type\":\"WebSite\",\"@id\":\"https:\\\/\\\/www.autoelevadoresilcar.com.ar\\\/toyota\\\/#website\",\"url\":\"https:\\\/\\\/www.autoelevadoresilcar.com.ar\\\/toyota\\\/\",\"name\":\"Autoelevadores Silcar\",\"description\":\"\",\"publisher\":{\"@id\":\"https:\\\/\\\/www.autoelevadoresilcar.com.ar\\\/toyota\\\/#organization\"},\"alternateName\":\"Autoelevadores Toyota\",\"potentialAction\":[{\"@type\":\"SearchAction\",\"target\":{\"@type\":\"EntryPoint\",\"urlTemplate\":\"https:\\\/\\\/www.autoelevadoresilcar.com.ar\\\/toyota\\\/?s={search_term_string}\"},\"query-input\":{\"@type\":\"PropertyValueSpecification\",\"valueRequired\":true,\"valueName\":\"search_term_string\"}}],\"inLanguage\":\"es-AR\"},{\"@type\":\"Organization\",\"@id\":\"https:\\\/\\\/www.autoelevadoresilcar.com.ar\\\/toyota\\\/#organization\",\"name\":\"Autoelevadores Silcar\",\"alternateName\":\"Autoelevadores Toyota\",\"url\":\"https:\\\/\\\/www.autoelevadoresilcar.com.ar\\\/toyota\\\/\",\"logo\":{\"@type\":\"ImageObject\",\"inLanguage\":\"es-AR\",\"@id\":\"https:\\\/\\\/www.autoelevadoresilcar.com.ar\\\/toyota\\\/#\\\/schema\\\/logo\\\/image\\\/\",\"url\":\"https:\\\/\\\/www.autoelevadoresilcar.com.ar\\\/toyota\\\/wp-content\\\/uploads\\\/2025\\\/10\\\/autoelevadores-toyota.jpg\",\"contentUrl\":\"https:\\\/\\\/www.autoelevadoresilcar.com.ar\\\/toyota\\\/wp-content\\\/uploads\\\/2025\\\/10\\\/autoelevadores-toyota.jpg\",\"width\":1903,\"height\":1189,\"caption\":\"Autoelevadores Silcar\"},\"image\":{\"@id\":\"https:\\\/\\\/www.autoelevadoresilcar.com.ar\\\/toyota\\\/#\\\/schema\\\/logo\\\/image\\\/\"},\"sameAs\":[\"https:\\\/\\\/www.facebook.com\\\/gruposilcarargentina\\\/\",\"https:\\\/\\\/x.com\\\/gruposilcar\",\"https:\\\/\\\/www.instagram.com\\\/grupo.silcar\\\/\",\"https:\\\/\\\/www.youtube.com\\\/channel\\\/UCQHEcWB82lZeO0DePCCjuWg\",\"https:\\\/\\\/www.linkedin.com\\\/company\\\/autoelevadores-silcar\\\/\"]}]}<\/script>\n<!-- \/ Yoast SEO plugin. -->","yoast_head_json":{"title":"Toyota 8FBR10 30 - Apiladores Reach - Hombre Parado","description":"Toyota 8FBR10\/30 \u2013 Apilador Reach para operador parado, dise\u00f1ado para operaciones intensivas con gran alcance, estabilidad y eficiencia.","robots":{"index":"index","follow":"follow","max-snippet":"max-snippet:-1","max-image-preview":"max-image-preview:large","max-video-preview":"max-video-preview:-1"},"canonical":"https:\/\/www.autoelevadoresilcar.com.ar\/toyota\/producto\/toyota-8fbr10-30\/","og_locale":"es_ES","og_type":"article","og_title":"Toyota 8FBR10 30 - Apiladores Reach - Hombre Parado","og_description":"Toyota 8FBR10\/30 \u2013 Apilador Reach para operador parado, dise\u00f1ado para operaciones intensivas con gran alcance, estabilidad y eficiencia.","og_url":"https:\/\/www.autoelevadoresilcar.com.ar\/toyota\/producto\/toyota-8fbr10-30\/","og_site_name":"Autoelevadores Silcar","article_publisher":"https:\/\/www.facebook.com\/gruposilcarargentina\/","article_modified_time":"2025-12-02T13:40:47+00:00","og_image":[{"width":806,"height":650,"url":"https:\/\/www.autoelevadoresilcar.com.ar\/toyota\/wp-content\/uploads\/2025\/12\/1-5.jpg","type":"image\/jpeg"}],"twitter_card":"summary_large_image","twitter_site":"@gruposilcar","twitter_misc":{"Tiempo de lectura":"1 minuto"},"schema":{"@context":"https:\/\/schema.org","@graph":[{"@type":"WebPage","@id":"https:\/\/www.autoelevadoresilcar.com.ar\/toyota\/producto\/toyota-8fbr10-30\/","url":"https:\/\/www.autoelevadoresilcar.com.ar\/toyota\/producto\/toyota-8fbr10-30\/","name":"Toyota 8FBR10 30 - Apiladores Reach - Hombre Parado","isPartOf":{"@id":"https:\/\/www.autoelevadoresilcar.com.ar\/toyota\/#website"},"primaryImageOfPage":{"@id":"https:\/\/www.autoelevadoresilcar.com.ar\/toyota\/producto\/toyota-8fbr10-30\/#primaryimage"},"image":{"@id":"https:\/\/www.autoelevadoresilcar.com.ar\/toyota\/producto\/toyota-8fbr10-30\/#primaryimage"},"thumbnailUrl":"https:\/\/www.autoelevadoresilcar.com.ar\/toyota\/wp-content\/uploads\/2025\/12\/1-5.jpg","datePublished":"2025-12-02T13:39:50+00:00","dateModified":"2025-12-02T13:40:47+00:00","description":"Toyota 8FBR10\/30 \u2013 Apilador Reach para operador parado, dise\u00f1ado para operaciones intensivas con gran alcance, estabilidad y eficiencia.","breadcrumb":{"@id":"https:\/\/www.autoelevadoresilcar.com.ar\/toyota\/producto\/toyota-8fbr10-30\/#breadcrumb"},"inLanguage":"es-AR","potentialAction":[{"@type":"ReadAction","target":["https:\/\/www.autoelevadoresilcar.com.ar\/toyota\/producto\/toyota-8fbr10-30\/"]}]},{"@type":"ImageObject","inLanguage":"es-AR","@id":"https:\/\/www.autoelevadoresilcar.com.ar\/toyota\/producto\/toyota-8fbr10-30\/#primaryimage","url":"https:\/\/www.autoelevadoresilcar.com.ar\/toyota\/wp-content\/uploads\/2025\/12\/1-5.jpg","contentUrl":"https:\/\/www.autoelevadoresilcar.com.ar\/toyota\/wp-content\/uploads\/2025\/12\/1-5.jpg","width":806,"height":650,"caption":"Toyota 8FBR10 30"},{"@type":"BreadcrumbList","@id":"https:\/\/www.autoelevadoresilcar.com.ar\/toyota\/producto\/toyota-8fbr10-30\/#breadcrumb","itemListElement":[{"@type":"ListItem","position":1,"name":"Inicio","item":"https:\/\/www.autoelevadoresilcar.com.ar\/toyota\/"},{"@type":"ListItem","position":2,"name":"Productos","item":"https:\/\/www.autoelevadoresilcar.com.ar\/toyota\/productos\/"},{"@type":"ListItem","position":3,"name":"Toyota 8FBR10 30"}]},{"@type":"WebSite","@id":"https:\/\/www.autoelevadoresilcar.com.ar\/toyota\/#website","url":"https:\/\/www.autoelevadoresilcar.com.ar\/toyota\/","name":"Autoelevadores Silcar","description":"","publisher":{"@id":"https:\/\/www.autoelevadoresilcar.com.ar\/toyota\/#organization"},"alternateName":"Autoelevadores Toyota","potentialAction":[{"@type":"SearchAction","target":{"@type":"EntryPoint","urlTemplate":"https:\/\/www.autoelevadoresilcar.com.ar\/toyota\/?s={search_term_string}"},"query-input":{"@type":"PropertyValueSpecification","valueRequired":true,"valueName":"search_term_string"}}],"inLanguage":"es-AR"},{"@type":"Organization","@id":"https:\/\/www.autoelevadoresilcar.com.ar\/toyota\/#organization","name":"Autoelevadores Silcar","alternateName":"Autoelevadores Toyota","url":"https:\/\/www.autoelevadoresilcar.com.ar\/toyota\/","logo":{"@type":"ImageObject","inLanguage":"es-AR","@id":"https:\/\/www.autoelevadoresilcar.com.ar\/toyota\/#\/schema\/logo\/image\/","url":"https:\/\/www.autoelevadoresilcar.com.ar\/toyota\/wp-content\/uploads\/2025\/10\/autoelevadores-toyota.jpg","contentUrl":"https:\/\/www.autoelevadoresilcar.com.ar\/toyota\/wp-content\/uploads\/2025\/10\/autoelevadores-toyota.jpg","width":1903,"height":1189,"caption":"Autoelevadores Silcar"},"image":{"@id":"https:\/\/www.autoelevadoresilcar.com.ar\/toyota\/#\/schema\/logo\/image\/"},"sameAs":["https:\/\/www.facebook.com\/gruposilcarargentina\/","https:\/\/x.com\/gruposilcar","https:\/\/www.instagram.com\/grupo.silcar\/","https:\/\/www.youtube.com\/channel\/UCQHEcWB82lZeO0DePCCjuWg","https:\/\/www.linkedin.com\/company\/autoelevadores-silcar\/"]}]}},"_links":{"self":[{"href":"https:\/\/www.autoelevadoresilcar.com.ar\/toyota\/wp-json\/wp\/v2\/product\/5226","targetHints":{"allow":["GET"]}}],"collection":[{"href":"https:\/\/www.autoelevadoresilcar.com.ar\/toyota\/wp-json\/wp\/v2\/product"}],"about":[{"href":"https:\/\/www.autoelevadoresilcar.com.ar\/toyota\/wp-json\/wp\/v2\/types\/product"}],"wp:featuredmedia":[{"embeddable":true,"href":"https:\/\/www.autoelevadoresilcar.com.ar\/toyota\/wp-json\/wp\/v2\/media\/5227"}],"wp:attachment":[{"href":"https:\/\/www.autoelevadoresilcar.com.ar\/toyota\/wp-json\/wp\/v2\/media?parent=5226"}],"wp:term":[{"taxonomy":"product_brand","embeddable":true,"href":"https:\/\/www.autoelevadoresilcar.com.ar\/toyota\/wp-json\/wp\/v2\/product_brand?post=5226"},{"taxonomy":"product_cat","embeddable":true,"href":"https:\/\/www.autoelevadoresilcar.com.ar\/toyota\/wp-json\/wp\/v2\/product_cat?post=5226"},{"taxonomy":"product_tag","embeddable":true,"href":"https:\/\/www.autoelevadoresilcar.com.ar\/toyota\/wp-json\/wp\/v2\/product_tag?post=5226"}],"curies":[{"name":"wp","href":"https:\/\/api.w.org\/{rel}","templated":true}]}}