{"id":5206,"date":"2025-12-02T09:54:59","date_gmt":"2025-12-02T12:54:59","guid":{"rendered":"https:\/\/www.autoelevadoresilcar.com.ar\/toyota\/?post_type=product&#038;p=5206"},"modified":"2025-12-02T10:18:10","modified_gmt":"2025-12-02T13:18:10","slug":"bt-staxio-p-series","status":"publish","type":"product","link":"https:\/\/www.autoelevadoresilcar.com.ar\/toyota\/producto\/bt-staxio-p-series\/","title":{"rendered":"Toyota BT Staxio P series"},"content":{"rendered":"<table border=\"0\" width=\"100%\" cellspacing=\"0\" cellpadding=\"0\" align=\"center\">\n<tbody>\n<tr>\n<th align=\"center\">Modelo<\/th>\n<th align=\"center\">SPE120\/L<\/th>\n<th align=\"center\">SPE140S<\/th>\n<th align=\"center\">SPE140\/L<\/th>\n<th align=\"center\">SPE160<\/th>\n<th align=\"center\">SPE160L<\/th>\n<th align=\"center\">SPE200<\/th>\n<th align=\"center\">SPE200L<\/th>\n<th align=\"center\">SPE200D<\/th>\n<th align=\"center\">SPE200DN<\/th>\n<\/tr>\n<tr>\n<td align=\"center\">Capacidad Nominal de carga (Kg)<\/td>\n<td align=\"center\">1200<\/td>\n<td align=\"center\">1400<\/td>\n<td align=\"center\">1400<\/td>\n<td align=\"center\">1600<\/td>\n<td align=\"center\">1600<\/td>\n<td align=\"center\">2000<\/td>\n<td align=\"center\">2000<\/td>\n<td align=\"center\">2000<\/td>\n<td align=\"center\">2000<\/td>\n<\/tr>\n<tr>\n<td align=\"center\">Altura M\u00e1xima de Elevaci\u00f3n (m)<\/td>\n<td align=\"center\">4.8<\/td>\n<td align=\"center\">6.0<\/td>\n<td align=\"center\">5.4<\/td>\n<td align=\"center\">6.0<\/td>\n<td align=\"center\">6.0<\/td>\n<td align=\"center\">4.05<\/td>\n<td align=\"center\">4.05<\/td>\n<td align=\"center\">2.5<\/td>\n<td align=\"center\">2.1<\/td>\n<\/tr>\n<tr>\n<td align=\"center\">Capacidad M\u00e1xima de Bater\u00eda (Ah)<\/td>\n<td align=\"center\">500<\/td>\n<td align=\"center\">500<\/td>\n<td align=\"center\">500<\/td>\n<td align=\"center\">500<\/td>\n<td align=\"center\">500<\/td>\n<td align=\"center\">500<\/td>\n<td align=\"center\">500<\/td>\n<td align=\"center\">500<\/td>\n<td align=\"center\">400<\/td>\n<\/tr>\n<tr>\n<td align=\"center\">Velocidad M\u00e1xima (Km\/h)<\/td>\n<td align=\"center\">8.0<\/td>\n<td align=\"center\">8.0<\/td>\n<td align=\"center\">10.0<\/td>\n<td align=\"center\">10.0<\/td>\n<td align=\"center\">10.0<\/td>\n<td align=\"center\">6.0<\/td>\n<td align=\"center\">6.0<\/td>\n<td align=\"center\">10.0<\/td>\n<td align=\"center\">10.0<\/td>\n<\/tr>\n<\/tbody>\n<\/table>\n","protected":false},"excerpt":{"rendered":"<p>La gama BT Staxio serie P consta de nueve apiladores el\u00e9ctricos con plataforma. Estas carretillas son las m\u00e1s adecuadas para la manipulaci\u00f3n de materiales en desplazamientos de largo recorrido. La mayor\u00eda de nuestros apiladores con plataforma incluye BT Powerdrive, un avanzado sistema de control y tracci\u00f3n que mejora el uso, el rendimientoy la eficiencia de la carretilla. Los apiladores Staxio de la serie P tambi\u00e9nson ideales para trabajar en espacios reducidos y descargar camiones.<\/p>\n","protected":false},"featured_media":5207,"template":"","meta":{"_joinchat":[]},"product_brand":[65],"product_cat":[76],"product_tag":[130,131],"class_list":{"0":"post-5206","1":"product","2":"type-product","3":"status-publish","4":"has-post-thumbnail","6":"product_brand-toyota-material-handling","7":"product_cat-apiladores-electricos","8":"product_tag-apilador-electrico","9":"product_tag-apilador-electrico-hombre-a-bordo","11":"first","12":"instock","13":"shipping-taxable","14":"product-type-simple"},"yoast_head":"<!-- This site is optimized with the Yoast SEO plugin v27.5 - https:\/\/yoast.com\/product\/yoast-seo-wordpress\/ -->\n<title>BT Staxio P series - Apilador El\u00e9ctrico Hombre a Bordo<\/title>\n<meta name=\"description\" content=\"BT Staxio P Series \u2013 Apilador El\u00e9ctrico Hombre a Bordo dise\u00f1ado para operaciones intensivas, con gran estabilidad y eficiencia energ\u00e9tica.\" \/>\n<meta name=\"robots\" content=\"index, follow, max-snippet:-1, max-image-preview:large, max-video-preview:-1\" \/>\n<link rel=\"canonical\" href=\"https:\/\/www.autoelevadoresilcar.com.ar\/toyota\/producto\/bt-staxio-p-series\/\" \/>\n<meta property=\"og:locale\" content=\"es_ES\" \/>\n<meta property=\"og:type\" content=\"article\" \/>\n<meta property=\"og:title\" content=\"BT Staxio P series - Apilador El\u00e9ctrico Hombre a Bordo\" \/>\n<meta property=\"og:description\" content=\"BT Staxio P Series \u2013 Apilador El\u00e9ctrico Hombre a Bordo dise\u00f1ado para operaciones intensivas, con gran estabilidad y eficiencia energ\u00e9tica.\" \/>\n<meta property=\"og:url\" content=\"https:\/\/www.autoelevadoresilcar.com.ar\/toyota\/producto\/bt-staxio-p-series\/\" \/>\n<meta property=\"og:site_name\" content=\"Autoelevadores Silcar\" \/>\n<meta property=\"article:publisher\" content=\"https:\/\/www.facebook.com\/gruposilcarargentina\/\" \/>\n<meta property=\"article:modified_time\" content=\"2025-12-02T13:18:10+00:00\" \/>\n<meta property=\"og:image\" content=\"https:\/\/www.autoelevadoresilcar.com.ar\/toyota\/wp-content\/uploads\/2025\/12\/1-2.jpg\" \/>\n\t<meta property=\"og:image:width\" content=\"806\" \/>\n\t<meta property=\"og:image:height\" content=\"650\" \/>\n\t<meta property=\"og:image:type\" content=\"image\/jpeg\" \/>\n<meta name=\"twitter:card\" content=\"summary_large_image\" \/>\n<meta name=\"twitter:site\" content=\"@gruposilcar\" \/>\n<meta name=\"twitter:label1\" content=\"Tiempo de lectura\" \/>\n\t<meta name=\"twitter:data1\" content=\"1 minuto\" \/>\n<script type=\"application\/ld+json\" class=\"yoast-schema-graph\">{\"@context\":\"https:\\\/\\\/schema.org\",\"@graph\":[{\"@type\":\"WebPage\",\"@id\":\"https:\\\/\\\/www.autoelevadoresilcar.com.ar\\\/toyota\\\/producto\\\/bt-staxio-p-series\\\/\",\"url\":\"https:\\\/\\\/www.autoelevadoresilcar.com.ar\\\/toyota\\\/producto\\\/bt-staxio-p-series\\\/\",\"name\":\"BT Staxio P series - Apilador El\u00e9ctrico Hombre a Bordo\",\"isPartOf\":{\"@id\":\"https:\\\/\\\/www.autoelevadoresilcar.com.ar\\\/toyota\\\/#website\"},\"primaryImageOfPage\":{\"@id\":\"https:\\\/\\\/www.autoelevadoresilcar.com.ar\\\/toyota\\\/producto\\\/bt-staxio-p-series\\\/#primaryimage\"},\"image\":{\"@id\":\"https:\\\/\\\/www.autoelevadoresilcar.com.ar\\\/toyota\\\/producto\\\/bt-staxio-p-series\\\/#primaryimage\"},\"thumbnailUrl\":\"https:\\\/\\\/www.autoelevadoresilcar.com.ar\\\/toyota\\\/wp-content\\\/uploads\\\/2025\\\/12\\\/1-2.jpg\",\"datePublished\":\"2025-12-02T12:54:59+00:00\",\"dateModified\":\"2025-12-02T13:18:10+00:00\",\"description\":\"BT Staxio P Series \u2013 Apilador El\u00e9ctrico Hombre a Bordo dise\u00f1ado para operaciones intensivas, con gran estabilidad y eficiencia energ\u00e9tica.\",\"breadcrumb\":{\"@id\":\"https:\\\/\\\/www.autoelevadoresilcar.com.ar\\\/toyota\\\/producto\\\/bt-staxio-p-series\\\/#breadcrumb\"},\"inLanguage\":\"es-AR\",\"potentialAction\":[{\"@type\":\"ReadAction\",\"target\":[\"https:\\\/\\\/www.autoelevadoresilcar.com.ar\\\/toyota\\\/producto\\\/bt-staxio-p-series\\\/\"]}]},{\"@type\":\"ImageObject\",\"inLanguage\":\"es-AR\",\"@id\":\"https:\\\/\\\/www.autoelevadoresilcar.com.ar\\\/toyota\\\/producto\\\/bt-staxio-p-series\\\/#primaryimage\",\"url\":\"https:\\\/\\\/www.autoelevadoresilcar.com.ar\\\/toyota\\\/wp-content\\\/uploads\\\/2025\\\/12\\\/1-2.jpg\",\"contentUrl\":\"https:\\\/\\\/www.autoelevadoresilcar.com.ar\\\/toyota\\\/wp-content\\\/uploads\\\/2025\\\/12\\\/1-2.jpg\",\"width\":806,\"height\":650,\"caption\":\"BT Staxio P Series\"},{\"@type\":\"BreadcrumbList\",\"@id\":\"https:\\\/\\\/www.autoelevadoresilcar.com.ar\\\/toyota\\\/producto\\\/bt-staxio-p-series\\\/#breadcrumb\",\"itemListElement\":[{\"@type\":\"ListItem\",\"position\":1,\"name\":\"Inicio\",\"item\":\"https:\\\/\\\/www.autoelevadoresilcar.com.ar\\\/toyota\\\/\"},{\"@type\":\"ListItem\",\"position\":2,\"name\":\"Productos\",\"item\":\"https:\\\/\\\/www.autoelevadoresilcar.com.ar\\\/toyota\\\/productos\\\/\"},{\"@type\":\"ListItem\",\"position\":3,\"name\":\"Toyota BT Staxio P series\"}]},{\"@type\":\"WebSite\",\"@id\":\"https:\\\/\\\/www.autoelevadoresilcar.com.ar\\\/toyota\\\/#website\",\"url\":\"https:\\\/\\\/www.autoelevadoresilcar.com.ar\\\/toyota\\\/\",\"name\":\"Autoelevadores Silcar\",\"description\":\"\",\"publisher\":{\"@id\":\"https:\\\/\\\/www.autoelevadoresilcar.com.ar\\\/toyota\\\/#organization\"},\"alternateName\":\"Autoelevadores Toyota\",\"potentialAction\":[{\"@type\":\"SearchAction\",\"target\":{\"@type\":\"EntryPoint\",\"urlTemplate\":\"https:\\\/\\\/www.autoelevadoresilcar.com.ar\\\/toyota\\\/?s={search_term_string}\"},\"query-input\":{\"@type\":\"PropertyValueSpecification\",\"valueRequired\":true,\"valueName\":\"search_term_string\"}}],\"inLanguage\":\"es-AR\"},{\"@type\":\"Organization\",\"@id\":\"https:\\\/\\\/www.autoelevadoresilcar.com.ar\\\/toyota\\\/#organization\",\"name\":\"Autoelevadores Silcar\",\"alternateName\":\"Autoelevadores Toyota\",\"url\":\"https:\\\/\\\/www.autoelevadoresilcar.com.ar\\\/toyota\\\/\",\"logo\":{\"@type\":\"ImageObject\",\"inLanguage\":\"es-AR\",\"@id\":\"https:\\\/\\\/www.autoelevadoresilcar.com.ar\\\/toyota\\\/#\\\/schema\\\/logo\\\/image\\\/\",\"url\":\"https:\\\/\\\/www.autoelevadoresilcar.com.ar\\\/toyota\\\/wp-content\\\/uploads\\\/2025\\\/10\\\/autoelevadores-toyota.jpg\",\"contentUrl\":\"https:\\\/\\\/www.autoelevadoresilcar.com.ar\\\/toyota\\\/wp-content\\\/uploads\\\/2025\\\/10\\\/autoelevadores-toyota.jpg\",\"width\":1903,\"height\":1189,\"caption\":\"Autoelevadores Silcar\"},\"image\":{\"@id\":\"https:\\\/\\\/www.autoelevadoresilcar.com.ar\\\/toyota\\\/#\\\/schema\\\/logo\\\/image\\\/\"},\"sameAs\":[\"https:\\\/\\\/www.facebook.com\\\/gruposilcarargentina\\\/\",\"https:\\\/\\\/x.com\\\/gruposilcar\",\"https:\\\/\\\/www.instagram.com\\\/grupo.silcar\\\/\",\"https:\\\/\\\/www.youtube.com\\\/channel\\\/UCQHEcWB82lZeO0DePCCjuWg\",\"https:\\\/\\\/www.linkedin.com\\\/company\\\/autoelevadores-silcar\\\/\"]}]}<\/script>\n<!-- \/ Yoast SEO plugin. -->","yoast_head_json":{"title":"BT Staxio P series - Apilador El\u00e9ctrico Hombre a Bordo","description":"BT Staxio P Series \u2013 Apilador El\u00e9ctrico Hombre a Bordo dise\u00f1ado para operaciones intensivas, con gran estabilidad y eficiencia energ\u00e9tica.","robots":{"index":"index","follow":"follow","max-snippet":"max-snippet:-1","max-image-preview":"max-image-preview:large","max-video-preview":"max-video-preview:-1"},"canonical":"https:\/\/www.autoelevadoresilcar.com.ar\/toyota\/producto\/bt-staxio-p-series\/","og_locale":"es_ES","og_type":"article","og_title":"BT Staxio P series - Apilador El\u00e9ctrico Hombre a Bordo","og_description":"BT Staxio P Series \u2013 Apilador El\u00e9ctrico Hombre a Bordo dise\u00f1ado para operaciones intensivas, con gran estabilidad y eficiencia energ\u00e9tica.","og_url":"https:\/\/www.autoelevadoresilcar.com.ar\/toyota\/producto\/bt-staxio-p-series\/","og_site_name":"Autoelevadores Silcar","article_publisher":"https:\/\/www.facebook.com\/gruposilcarargentina\/","article_modified_time":"2025-12-02T13:18:10+00:00","og_image":[{"width":806,"height":650,"url":"https:\/\/www.autoelevadoresilcar.com.ar\/toyota\/wp-content\/uploads\/2025\/12\/1-2.jpg","type":"image\/jpeg"}],"twitter_card":"summary_large_image","twitter_site":"@gruposilcar","twitter_misc":{"Tiempo de lectura":"1 minuto"},"schema":{"@context":"https:\/\/schema.org","@graph":[{"@type":"WebPage","@id":"https:\/\/www.autoelevadoresilcar.com.ar\/toyota\/producto\/bt-staxio-p-series\/","url":"https:\/\/www.autoelevadoresilcar.com.ar\/toyota\/producto\/bt-staxio-p-series\/","name":"BT Staxio P series - Apilador El\u00e9ctrico Hombre a Bordo","isPartOf":{"@id":"https:\/\/www.autoelevadoresilcar.com.ar\/toyota\/#website"},"primaryImageOfPage":{"@id":"https:\/\/www.autoelevadoresilcar.com.ar\/toyota\/producto\/bt-staxio-p-series\/#primaryimage"},"image":{"@id":"https:\/\/www.autoelevadoresilcar.com.ar\/toyota\/producto\/bt-staxio-p-series\/#primaryimage"},"thumbnailUrl":"https:\/\/www.autoelevadoresilcar.com.ar\/toyota\/wp-content\/uploads\/2025\/12\/1-2.jpg","datePublished":"2025-12-02T12:54:59+00:00","dateModified":"2025-12-02T13:18:10+00:00","description":"BT Staxio P Series \u2013 Apilador El\u00e9ctrico Hombre a Bordo dise\u00f1ado para operaciones intensivas, con gran estabilidad y eficiencia energ\u00e9tica.","breadcrumb":{"@id":"https:\/\/www.autoelevadoresilcar.com.ar\/toyota\/producto\/bt-staxio-p-series\/#breadcrumb"},"inLanguage":"es-AR","potentialAction":[{"@type":"ReadAction","target":["https:\/\/www.autoelevadoresilcar.com.ar\/toyota\/producto\/bt-staxio-p-series\/"]}]},{"@type":"ImageObject","inLanguage":"es-AR","@id":"https:\/\/www.autoelevadoresilcar.com.ar\/toyota\/producto\/bt-staxio-p-series\/#primaryimage","url":"https:\/\/www.autoelevadoresilcar.com.ar\/toyota\/wp-content\/uploads\/2025\/12\/1-2.jpg","contentUrl":"https:\/\/www.autoelevadoresilcar.com.ar\/toyota\/wp-content\/uploads\/2025\/12\/1-2.jpg","width":806,"height":650,"caption":"BT Staxio P Series"},{"@type":"BreadcrumbList","@id":"https:\/\/www.autoelevadoresilcar.com.ar\/toyota\/producto\/bt-staxio-p-series\/#breadcrumb","itemListElement":[{"@type":"ListItem","position":1,"name":"Inicio","item":"https:\/\/www.autoelevadoresilcar.com.ar\/toyota\/"},{"@type":"ListItem","position":2,"name":"Productos","item":"https:\/\/www.autoelevadoresilcar.com.ar\/toyota\/productos\/"},{"@type":"ListItem","position":3,"name":"Toyota BT Staxio P series"}]},{"@type":"WebSite","@id":"https:\/\/www.autoelevadoresilcar.com.ar\/toyota\/#website","url":"https:\/\/www.autoelevadoresilcar.com.ar\/toyota\/","name":"Autoelevadores Silcar","description":"","publisher":{"@id":"https:\/\/www.autoelevadoresilcar.com.ar\/toyota\/#organization"},"alternateName":"Autoelevadores Toyota","potentialAction":[{"@type":"SearchAction","target":{"@type":"EntryPoint","urlTemplate":"https:\/\/www.autoelevadoresilcar.com.ar\/toyota\/?s={search_term_string}"},"query-input":{"@type":"PropertyValueSpecification","valueRequired":true,"valueName":"search_term_string"}}],"inLanguage":"es-AR"},{"@type":"Organization","@id":"https:\/\/www.autoelevadoresilcar.com.ar\/toyota\/#organization","name":"Autoelevadores Silcar","alternateName":"Autoelevadores Toyota","url":"https:\/\/www.autoelevadoresilcar.com.ar\/toyota\/","logo":{"@type":"ImageObject","inLanguage":"es-AR","@id":"https:\/\/www.autoelevadoresilcar.com.ar\/toyota\/#\/schema\/logo\/image\/","url":"https:\/\/www.autoelevadoresilcar.com.ar\/toyota\/wp-content\/uploads\/2025\/10\/autoelevadores-toyota.jpg","contentUrl":"https:\/\/www.autoelevadoresilcar.com.ar\/toyota\/wp-content\/uploads\/2025\/10\/autoelevadores-toyota.jpg","width":1903,"height":1189,"caption":"Autoelevadores Silcar"},"image":{"@id":"https:\/\/www.autoelevadoresilcar.com.ar\/toyota\/#\/schema\/logo\/image\/"},"sameAs":["https:\/\/www.facebook.com\/gruposilcarargentina\/","https:\/\/x.com\/gruposilcar","https:\/\/www.instagram.com\/grupo.silcar\/","https:\/\/www.youtube.com\/channel\/UCQHEcWB82lZeO0DePCCjuWg","https:\/\/www.linkedin.com\/company\/autoelevadores-silcar\/"]}]}},"_links":{"self":[{"href":"https:\/\/www.autoelevadoresilcar.com.ar\/toyota\/wp-json\/wp\/v2\/product\/5206","targetHints":{"allow":["GET"]}}],"collection":[{"href":"https:\/\/www.autoelevadoresilcar.com.ar\/toyota\/wp-json\/wp\/v2\/product"}],"about":[{"href":"https:\/\/www.autoelevadoresilcar.com.ar\/toyota\/wp-json\/wp\/v2\/types\/product"}],"wp:featuredmedia":[{"embeddable":true,"href":"https:\/\/www.autoelevadoresilcar.com.ar\/toyota\/wp-json\/wp\/v2\/media\/5207"}],"wp:attachment":[{"href":"https:\/\/www.autoelevadoresilcar.com.ar\/toyota\/wp-json\/wp\/v2\/media?parent=5206"}],"wp:term":[{"taxonomy":"product_brand","embeddable":true,"href":"https:\/\/www.autoelevadoresilcar.com.ar\/toyota\/wp-json\/wp\/v2\/product_brand?post=5206"},{"taxonomy":"product_cat","embeddable":true,"href":"https:\/\/www.autoelevadoresilcar.com.ar\/toyota\/wp-json\/wp\/v2\/product_cat?post=5206"},{"taxonomy":"product_tag","embeddable":true,"href":"https:\/\/www.autoelevadoresilcar.com.ar\/toyota\/wp-json\/wp\/v2\/product_tag?post=5206"}],"curies":[{"name":"wp","href":"https:\/\/api.w.org\/{rel}","templated":true}]}}