{"id":5193,"date":"2025-12-01T14:49:52","date_gmt":"2025-12-01T17:49:52","guid":{"rendered":"https:\/\/www.autoelevadoresilcar.com.ar\/toyota\/?post_type=product&#038;p=5193"},"modified":"2025-12-02T10:19:11","modified_gmt":"2025-12-02T13:19:11","slug":"bt-levio-w-series","status":"publish","type":"product","link":"https:\/\/www.autoelevadoresilcar.com.ar\/toyota\/producto\/bt-levio-w-series\/","title":{"rendered":"Toyota BT Levio W series"},"content":{"rendered":"<table class=\"table\">\n<tbody>\n<tr>\n<th>Modelo<\/th>\n<th>LWE130<\/th>\n<th>LWE140<\/th>\n<th>LWE160<\/th>\n<th>LWE180<\/th>\n<th>LWE200<\/th>\n<th>LWE250<\/th>\n<\/tr>\n<tr>\n<td>Tipo de Conducci\u00f3n<\/td>\n<td>Caminando<\/td>\n<td>Caminando<\/td>\n<td>Caminando<\/td>\n<td>Caminando<\/td>\n<td>Caminando<\/td>\n<td>Caminando<\/td>\n<\/tr>\n<tr>\n<td>Longitud total (mm)<\/td>\n<td>1570<\/td>\n<td>1631<\/td>\n<td>1688<\/td>\n<td>1688<\/td>\n<td>1688<\/td>\n<td>1688<\/td>\n<\/tr>\n<tr>\n<td>Ancho de chasis (mm)<\/td>\n<td>700<\/td>\n<td>726<\/td>\n<td>726<\/td>\n<td>726<\/td>\n<td>726<\/td>\n<td>726<\/td>\n<\/tr>\n<tr>\n<td>Capacidad Nominal de carga (Kg)<\/td>\n<td>1300<\/td>\n<td>1400<\/td>\n<td>1600<\/td>\n<td>1800<\/td>\n<td>2000<\/td>\n<td>2500<\/td>\n<\/tr>\n<tr>\n<td>Capacidad M\u00e1xima de Bater\u00eda (Ah)<\/td>\n<td>2\u00d763<\/td>\n<td>150<\/td>\n<td>225<\/td>\n<td>300<\/td>\n<td>300<\/td>\n<td>300<\/td>\n<\/tr>\n<tr>\n<td>Centro de carga (mm)<\/td>\n<td>600<\/td>\n<td>600<\/td>\n<td>600<\/td>\n<td>600<\/td>\n<td>600<\/td>\n<td>600<\/td>\n<\/tr>\n<tr>\n<td>Velocidad M\u00e1xima (Km\/h)<\/td>\n<td>5.5<\/td>\n<td>6<\/td>\n<td>6<\/td>\n<td>6<\/td>\n<td>6<\/td>\n<td>6<\/td>\n<\/tr>\n<\/tbody>\n<\/table>\n","protected":false},"excerpt":{"rendered":"<div class=\"texto\">\n<p>La transpaleta para conductor acompa\u00f1ante LWE130 se ha dise\u00f1ado para ser simple, segura y duradera, al tiempo que productiva. Compacta, ligera y con capacidades de carga de hasta 1,3 toneladas, esta transpaleta el\u00e9ctrica tiene mandos f\u00e1ciles de usar que garantizan un funcionamiento seguro. Estas transpaletas tambi\u00e9n incluyen de serie el sistema Castorlink de BT, que proporciona una excelente estabilidad durante el funcionamiento.<\/p>\n<\/div>\n","protected":false},"featured_media":5194,"template":"","meta":{"_joinchat":[]},"product_brand":[65],"product_cat":[75],"product_tag":[126,127,128],"class_list":{"0":"post-5193","1":"product","2":"type-product","3":"status-publish","4":"has-post-thumbnail","6":"product_brand-toyota-material-handling","7":"product_cat-transpaletas-electricas","8":"product_tag-transpaleta","9":"product_tag-transpaleta-electrica","10":"product_tag-transpaleta-hombre-caminando","12":"first","13":"instock","14":"shipping-taxable","15":"product-type-simple"},"yoast_head":"<!-- This site is optimized with the Yoast SEO plugin v27.5 - https:\/\/yoast.com\/product\/yoast-seo-wordpress\/ -->\n<title>BT Levio W series - Transpaleta Hombre Caminando<\/title>\n<meta name=\"description\" content=\"BT Levio W Series: transpaletas hombre caminando vers\u00e1tiles y seguras, dise\u00f1adas para movimientos de carga de hasta 2.000 kg.\" \/>\n<meta name=\"robots\" content=\"index, follow, max-snippet:-1, max-image-preview:large, max-video-preview:-1\" \/>\n<link rel=\"canonical\" href=\"https:\/\/www.autoelevadoresilcar.com.ar\/toyota\/producto\/bt-levio-w-series\/\" \/>\n<meta property=\"og:locale\" content=\"es_ES\" \/>\n<meta property=\"og:type\" content=\"article\" \/>\n<meta property=\"og:title\" content=\"BT Levio W series - Transpaleta Hombre Caminando\" \/>\n<meta property=\"og:description\" content=\"BT Levio W Series: transpaletas hombre caminando vers\u00e1tiles y seguras, dise\u00f1adas para movimientos de carga de hasta 2.000 kg.\" \/>\n<meta property=\"og:url\" content=\"https:\/\/www.autoelevadoresilcar.com.ar\/toyota\/producto\/bt-levio-w-series\/\" \/>\n<meta property=\"og:site_name\" content=\"Autoelevadores Silcar\" \/>\n<meta property=\"article:publisher\" content=\"https:\/\/www.facebook.com\/gruposilcarargentina\/\" \/>\n<meta property=\"article:modified_time\" content=\"2025-12-02T13:19:11+00:00\" \/>\n<meta property=\"og:image\" content=\"https:\/\/www.autoelevadoresilcar.com.ar\/toyota\/wp-content\/uploads\/2025\/12\/1.jpg\" \/>\n\t<meta property=\"og:image:width\" content=\"806\" \/>\n\t<meta property=\"og:image:height\" content=\"650\" \/>\n\t<meta property=\"og:image:type\" content=\"image\/jpeg\" \/>\n<meta name=\"twitter:card\" content=\"summary_large_image\" \/>\n<meta name=\"twitter:site\" content=\"@gruposilcar\" \/>\n<meta name=\"twitter:label1\" content=\"Tiempo de lectura\" \/>\n\t<meta name=\"twitter:data1\" content=\"1 minuto\" \/>\n<script type=\"application\/ld+json\" class=\"yoast-schema-graph\">{\"@context\":\"https:\\\/\\\/schema.org\",\"@graph\":[{\"@type\":\"WebPage\",\"@id\":\"https:\\\/\\\/www.autoelevadoresilcar.com.ar\\\/toyota\\\/producto\\\/bt-levio-w-series\\\/\",\"url\":\"https:\\\/\\\/www.autoelevadoresilcar.com.ar\\\/toyota\\\/producto\\\/bt-levio-w-series\\\/\",\"name\":\"BT Levio W series - Transpaleta Hombre Caminando\",\"isPartOf\":{\"@id\":\"https:\\\/\\\/www.autoelevadoresilcar.com.ar\\\/toyota\\\/#website\"},\"primaryImageOfPage\":{\"@id\":\"https:\\\/\\\/www.autoelevadoresilcar.com.ar\\\/toyota\\\/producto\\\/bt-levio-w-series\\\/#primaryimage\"},\"image\":{\"@id\":\"https:\\\/\\\/www.autoelevadoresilcar.com.ar\\\/toyota\\\/producto\\\/bt-levio-w-series\\\/#primaryimage\"},\"thumbnailUrl\":\"https:\\\/\\\/www.autoelevadoresilcar.com.ar\\\/toyota\\\/wp-content\\\/uploads\\\/2025\\\/12\\\/1.jpg\",\"datePublished\":\"2025-12-01T17:49:52+00:00\",\"dateModified\":\"2025-12-02T13:19:11+00:00\",\"description\":\"BT Levio W Series: transpaletas hombre caminando vers\u00e1tiles y seguras, dise\u00f1adas para movimientos de carga de hasta 2.000 kg.\",\"breadcrumb\":{\"@id\":\"https:\\\/\\\/www.autoelevadoresilcar.com.ar\\\/toyota\\\/producto\\\/bt-levio-w-series\\\/#breadcrumb\"},\"inLanguage\":\"es-AR\",\"potentialAction\":[{\"@type\":\"ReadAction\",\"target\":[\"https:\\\/\\\/www.autoelevadoresilcar.com.ar\\\/toyota\\\/producto\\\/bt-levio-w-series\\\/\"]}]},{\"@type\":\"ImageObject\",\"inLanguage\":\"es-AR\",\"@id\":\"https:\\\/\\\/www.autoelevadoresilcar.com.ar\\\/toyota\\\/producto\\\/bt-levio-w-series\\\/#primaryimage\",\"url\":\"https:\\\/\\\/www.autoelevadoresilcar.com.ar\\\/toyota\\\/wp-content\\\/uploads\\\/2025\\\/12\\\/1.jpg\",\"contentUrl\":\"https:\\\/\\\/www.autoelevadoresilcar.com.ar\\\/toyota\\\/wp-content\\\/uploads\\\/2025\\\/12\\\/1.jpg\",\"width\":806,\"height\":650,\"caption\":\"Levio W Series - Hombre a bordo\"},{\"@type\":\"BreadcrumbList\",\"@id\":\"https:\\\/\\\/www.autoelevadoresilcar.com.ar\\\/toyota\\\/producto\\\/bt-levio-w-series\\\/#breadcrumb\",\"itemListElement\":[{\"@type\":\"ListItem\",\"position\":1,\"name\":\"Inicio\",\"item\":\"https:\\\/\\\/www.autoelevadoresilcar.com.ar\\\/toyota\\\/\"},{\"@type\":\"ListItem\",\"position\":2,\"name\":\"Productos\",\"item\":\"https:\\\/\\\/www.autoelevadoresilcar.com.ar\\\/toyota\\\/productos\\\/\"},{\"@type\":\"ListItem\",\"position\":3,\"name\":\"Toyota BT Levio W series\"}]},{\"@type\":\"WebSite\",\"@id\":\"https:\\\/\\\/www.autoelevadoresilcar.com.ar\\\/toyota\\\/#website\",\"url\":\"https:\\\/\\\/www.autoelevadoresilcar.com.ar\\\/toyota\\\/\",\"name\":\"Autoelevadores Silcar\",\"description\":\"\",\"publisher\":{\"@id\":\"https:\\\/\\\/www.autoelevadoresilcar.com.ar\\\/toyota\\\/#organization\"},\"alternateName\":\"Autoelevadores Toyota\",\"potentialAction\":[{\"@type\":\"SearchAction\",\"target\":{\"@type\":\"EntryPoint\",\"urlTemplate\":\"https:\\\/\\\/www.autoelevadoresilcar.com.ar\\\/toyota\\\/?s={search_term_string}\"},\"query-input\":{\"@type\":\"PropertyValueSpecification\",\"valueRequired\":true,\"valueName\":\"search_term_string\"}}],\"inLanguage\":\"es-AR\"},{\"@type\":\"Organization\",\"@id\":\"https:\\\/\\\/www.autoelevadoresilcar.com.ar\\\/toyota\\\/#organization\",\"name\":\"Autoelevadores Silcar\",\"alternateName\":\"Autoelevadores Toyota\",\"url\":\"https:\\\/\\\/www.autoelevadoresilcar.com.ar\\\/toyota\\\/\",\"logo\":{\"@type\":\"ImageObject\",\"inLanguage\":\"es-AR\",\"@id\":\"https:\\\/\\\/www.autoelevadoresilcar.com.ar\\\/toyota\\\/#\\\/schema\\\/logo\\\/image\\\/\",\"url\":\"https:\\\/\\\/www.autoelevadoresilcar.com.ar\\\/toyota\\\/wp-content\\\/uploads\\\/2025\\\/10\\\/autoelevadores-toyota.jpg\",\"contentUrl\":\"https:\\\/\\\/www.autoelevadoresilcar.com.ar\\\/toyota\\\/wp-content\\\/uploads\\\/2025\\\/10\\\/autoelevadores-toyota.jpg\",\"width\":1903,\"height\":1189,\"caption\":\"Autoelevadores Silcar\"},\"image\":{\"@id\":\"https:\\\/\\\/www.autoelevadoresilcar.com.ar\\\/toyota\\\/#\\\/schema\\\/logo\\\/image\\\/\"},\"sameAs\":[\"https:\\\/\\\/www.facebook.com\\\/gruposilcarargentina\\\/\",\"https:\\\/\\\/x.com\\\/gruposilcar\",\"https:\\\/\\\/www.instagram.com\\\/grupo.silcar\\\/\",\"https:\\\/\\\/www.youtube.com\\\/channel\\\/UCQHEcWB82lZeO0DePCCjuWg\",\"https:\\\/\\\/www.linkedin.com\\\/company\\\/autoelevadores-silcar\\\/\"]}]}<\/script>\n<!-- \/ Yoast SEO plugin. -->","yoast_head_json":{"title":"BT Levio W series - Transpaleta Hombre Caminando","description":"BT Levio W Series: transpaletas hombre caminando vers\u00e1tiles y seguras, dise\u00f1adas para movimientos de carga de hasta 2.000 kg.","robots":{"index":"index","follow":"follow","max-snippet":"max-snippet:-1","max-image-preview":"max-image-preview:large","max-video-preview":"max-video-preview:-1"},"canonical":"https:\/\/www.autoelevadoresilcar.com.ar\/toyota\/producto\/bt-levio-w-series\/","og_locale":"es_ES","og_type":"article","og_title":"BT Levio W series - Transpaleta Hombre Caminando","og_description":"BT Levio W Series: transpaletas hombre caminando vers\u00e1tiles y seguras, dise\u00f1adas para movimientos de carga de hasta 2.000 kg.","og_url":"https:\/\/www.autoelevadoresilcar.com.ar\/toyota\/producto\/bt-levio-w-series\/","og_site_name":"Autoelevadores Silcar","article_publisher":"https:\/\/www.facebook.com\/gruposilcarargentina\/","article_modified_time":"2025-12-02T13:19:11+00:00","og_image":[{"width":806,"height":650,"url":"https:\/\/www.autoelevadoresilcar.com.ar\/toyota\/wp-content\/uploads\/2025\/12\/1.jpg","type":"image\/jpeg"}],"twitter_card":"summary_large_image","twitter_site":"@gruposilcar","twitter_misc":{"Tiempo de lectura":"1 minuto"},"schema":{"@context":"https:\/\/schema.org","@graph":[{"@type":"WebPage","@id":"https:\/\/www.autoelevadoresilcar.com.ar\/toyota\/producto\/bt-levio-w-series\/","url":"https:\/\/www.autoelevadoresilcar.com.ar\/toyota\/producto\/bt-levio-w-series\/","name":"BT Levio W series - Transpaleta Hombre Caminando","isPartOf":{"@id":"https:\/\/www.autoelevadoresilcar.com.ar\/toyota\/#website"},"primaryImageOfPage":{"@id":"https:\/\/www.autoelevadoresilcar.com.ar\/toyota\/producto\/bt-levio-w-series\/#primaryimage"},"image":{"@id":"https:\/\/www.autoelevadoresilcar.com.ar\/toyota\/producto\/bt-levio-w-series\/#primaryimage"},"thumbnailUrl":"https:\/\/www.autoelevadoresilcar.com.ar\/toyota\/wp-content\/uploads\/2025\/12\/1.jpg","datePublished":"2025-12-01T17:49:52+00:00","dateModified":"2025-12-02T13:19:11+00:00","description":"BT Levio W Series: transpaletas hombre caminando vers\u00e1tiles y seguras, dise\u00f1adas para movimientos de carga de hasta 2.000 kg.","breadcrumb":{"@id":"https:\/\/www.autoelevadoresilcar.com.ar\/toyota\/producto\/bt-levio-w-series\/#breadcrumb"},"inLanguage":"es-AR","potentialAction":[{"@type":"ReadAction","target":["https:\/\/www.autoelevadoresilcar.com.ar\/toyota\/producto\/bt-levio-w-series\/"]}]},{"@type":"ImageObject","inLanguage":"es-AR","@id":"https:\/\/www.autoelevadoresilcar.com.ar\/toyota\/producto\/bt-levio-w-series\/#primaryimage","url":"https:\/\/www.autoelevadoresilcar.com.ar\/toyota\/wp-content\/uploads\/2025\/12\/1.jpg","contentUrl":"https:\/\/www.autoelevadoresilcar.com.ar\/toyota\/wp-content\/uploads\/2025\/12\/1.jpg","width":806,"height":650,"caption":"Levio W Series - Hombre a bordo"},{"@type":"BreadcrumbList","@id":"https:\/\/www.autoelevadoresilcar.com.ar\/toyota\/producto\/bt-levio-w-series\/#breadcrumb","itemListElement":[{"@type":"ListItem","position":1,"name":"Inicio","item":"https:\/\/www.autoelevadoresilcar.com.ar\/toyota\/"},{"@type":"ListItem","position":2,"name":"Productos","item":"https:\/\/www.autoelevadoresilcar.com.ar\/toyota\/productos\/"},{"@type":"ListItem","position":3,"name":"Toyota BT Levio W series"}]},{"@type":"WebSite","@id":"https:\/\/www.autoelevadoresilcar.com.ar\/toyota\/#website","url":"https:\/\/www.autoelevadoresilcar.com.ar\/toyota\/","name":"Autoelevadores Silcar","description":"","publisher":{"@id":"https:\/\/www.autoelevadoresilcar.com.ar\/toyota\/#organization"},"alternateName":"Autoelevadores Toyota","potentialAction":[{"@type":"SearchAction","target":{"@type":"EntryPoint","urlTemplate":"https:\/\/www.autoelevadoresilcar.com.ar\/toyota\/?s={search_term_string}"},"query-input":{"@type":"PropertyValueSpecification","valueRequired":true,"valueName":"search_term_string"}}],"inLanguage":"es-AR"},{"@type":"Organization","@id":"https:\/\/www.autoelevadoresilcar.com.ar\/toyota\/#organization","name":"Autoelevadores Silcar","alternateName":"Autoelevadores Toyota","url":"https:\/\/www.autoelevadoresilcar.com.ar\/toyota\/","logo":{"@type":"ImageObject","inLanguage":"es-AR","@id":"https:\/\/www.autoelevadoresilcar.com.ar\/toyota\/#\/schema\/logo\/image\/","url":"https:\/\/www.autoelevadoresilcar.com.ar\/toyota\/wp-content\/uploads\/2025\/10\/autoelevadores-toyota.jpg","contentUrl":"https:\/\/www.autoelevadoresilcar.com.ar\/toyota\/wp-content\/uploads\/2025\/10\/autoelevadores-toyota.jpg","width":1903,"height":1189,"caption":"Autoelevadores Silcar"},"image":{"@id":"https:\/\/www.autoelevadoresilcar.com.ar\/toyota\/#\/schema\/logo\/image\/"},"sameAs":["https:\/\/www.facebook.com\/gruposilcarargentina\/","https:\/\/x.com\/gruposilcar","https:\/\/www.instagram.com\/grupo.silcar\/","https:\/\/www.youtube.com\/channel\/UCQHEcWB82lZeO0DePCCjuWg","https:\/\/www.linkedin.com\/company\/autoelevadores-silcar\/"]}]}},"_links":{"self":[{"href":"https:\/\/www.autoelevadoresilcar.com.ar\/toyota\/wp-json\/wp\/v2\/product\/5193","targetHints":{"allow":["GET"]}}],"collection":[{"href":"https:\/\/www.autoelevadoresilcar.com.ar\/toyota\/wp-json\/wp\/v2\/product"}],"about":[{"href":"https:\/\/www.autoelevadoresilcar.com.ar\/toyota\/wp-json\/wp\/v2\/types\/product"}],"wp:featuredmedia":[{"embeddable":true,"href":"https:\/\/www.autoelevadoresilcar.com.ar\/toyota\/wp-json\/wp\/v2\/media\/5194"}],"wp:attachment":[{"href":"https:\/\/www.autoelevadoresilcar.com.ar\/toyota\/wp-json\/wp\/v2\/media?parent=5193"}],"wp:term":[{"taxonomy":"product_brand","embeddable":true,"href":"https:\/\/www.autoelevadoresilcar.com.ar\/toyota\/wp-json\/wp\/v2\/product_brand?post=5193"},{"taxonomy":"product_cat","embeddable":true,"href":"https:\/\/www.autoelevadoresilcar.com.ar\/toyota\/wp-json\/wp\/v2\/product_cat?post=5193"},{"taxonomy":"product_tag","embeddable":true,"href":"https:\/\/www.autoelevadoresilcar.com.ar\/toyota\/wp-json\/wp\/v2\/product_tag?post=5193"}],"curies":[{"name":"wp","href":"https:\/\/api.w.org\/{rel}","templated":true}]}}