{"id":5146,"date":"2025-11-30T10:54:16","date_gmt":"2025-11-30T13:54:16","guid":{"rendered":"https:\/\/www.autoelevadoresilcar.com.ar\/toyota\/?post_type=product&#038;p=5146"},"modified":"2025-12-08T16:58:28","modified_gmt":"2025-12-08T19:58:28","slug":"toyota-2tg-2td-tractor-de-arrastre","status":"publish","type":"product","link":"https:\/\/www.autoelevadoresilcar.com.ar\/toyota\/producto\/toyota-2tg-2td-tractor-de-arrastre\/","title":{"rendered":"TOYOTA 2TG 2TD"},"content":{"rendered":"<table border=\"0\" width=\"100%\" cellspacing=\"0\" cellpadding=\"0\" align=\"center\">\n<tbody>\n<tr>\n<th align=\"center\">Modelo<\/th>\n<th align=\"center\">2TG20-2TD20<\/th>\n<th align=\"center\">2TG25-2TD25<\/th>\n<th align=\"center\">3TG35-3TD35<\/th>\n<th align=\"center\">3TD45<\/th>\n<\/tr>\n<tr>\n<td align=\"center\">Modelo de Motor<\/td>\n<td align=\"center\">4Y 1DZ-II; 2Z<\/td>\n<td align=\"center\">4Y 1DZ-II; 2Z<\/td>\n<td align=\"center\">2F\u00a02D<\/td>\n<td align=\"center\">2D<\/td>\n<\/tr>\n<tr>\n<td align=\"center\">Capacidad Nominal de Arrastre (Kg)<\/td>\n<td align=\"center\">26000-39000<\/td>\n<td align=\"center\">33000-49000<\/td>\n<td align=\"center\">47000-70000<\/td>\n<td align=\"center\">60000-90000<\/td>\n<\/tr>\n<tr>\n<td align=\"center\">Ancho Total (mm)<\/td>\n<td align=\"center\">1445<\/td>\n<td align=\"center\">1445<\/td>\n<td align=\"center\">1900<\/td>\n<td align=\"center\">1900<\/td>\n<\/tr>\n<tr>\n<td align=\"center\">Radio de Giro (mm)<\/td>\n<td align=\"center\">3050 (3200)<\/td>\n<td align=\"center\">3050 (3200)<\/td>\n<td align=\"center\">4500<\/td>\n<td align=\"center\">4500<\/td>\n<\/tr>\n<tr>\n<td align=\"center\">Altura Total (mm)<\/td>\n<td align=\"center\">1390<\/td>\n<td align=\"center\">1390<\/td>\n<td align=\"center\">1730<\/td>\n<td align=\"center\">1730<\/td>\n<\/tr>\n<tr>\n<td align=\"center\">Largo Total (mm)<\/td>\n<td align=\"center\">3020 (3130)<\/td>\n<td align=\"center\">3020 (3130)<\/td>\n<td align=\"center\">3835<\/td>\n<td align=\"center\">3835<\/td>\n<\/tr>\n<\/tbody>\n<\/table>\n","protected":false},"excerpt":{"rendered":"<div class=\"texto\">\n<p data-start=\"67\" data-end=\"128\"><strong data-start=\"90\" data-end=\"128\">TRACTORES DE ARRASTRE INDUSTRIALES<\/strong><\/p>\n<p data-start=\"130\" data-end=\"200\">Potencia, robustez y confiabilidad para las operaciones m\u00e1s exigentes.<\/p>\n<p data-start=\"202\" data-end=\"432\"><strong data-start=\"202\" data-end=\"231\">\ud83d\udd39 Capacidad de arrastre:<\/strong> de <strong data-start=\"235\" data-end=\"256\">10 a 45 toneladas<\/strong><br data-start=\"256\" data-end=\"259\" \/><strong data-start=\"259\" data-end=\"277\">\ud83d\udd39 Aplicaci\u00f3n:<\/strong> log\u00edstica interna, puertos, industrias, dep\u00f3sitos y centros de distribuci\u00f3n<br data-start=\"353\" data-end=\"356\" \/><strong data-start=\"356\" data-end=\"377\">\ud83d\udd39 Dise\u00f1o Toyota:<\/strong> m\u00e1xima durabilidad, ergonom\u00eda y eficiencia operativa<\/p>\n<p data-start=\"434\" data-end=\"746\">Para uso en <strong data-start=\"446\" data-end=\"471\">transporte horizontal<\/strong> y <strong data-start=\"474\" data-end=\"500\">preparaci\u00f3n de pedidos<\/strong>, los <strong data-start=\"506\" data-end=\"568\">tractores de tiro y\/o arrastre Toyota Equipos Industriales<\/strong> incluyen modelos para <strong data-start=\"591\" data-end=\"631\">operario caminando, sentado o arriba<\/strong>, disponibles con <strong data-start=\"649\" data-end=\"671\">motores el\u00e9ctricos<\/strong> y <strong data-start=\"674\" data-end=\"707\">motores de combusti\u00f3n interna<\/strong>, adapt\u00e1ndose a todo tipo de operaci\u00f3n.<\/p>\n<p data-start=\"748\" data-end=\"787\"><strong data-start=\"748\" data-end=\"764\">Garant\u00eda:<\/strong> <strong data-start=\"765\" data-end=\"787\">1 a\u00f1o o 2000 horas<\/strong><\/p>\n<p data-start=\"789\" data-end=\"940\" data-is-last-node=\"\" data-is-only-node=\"\">Los tractores de arrastre Toyota 2TG \/ 2TD son la soluci\u00f3n definitiva para quienes necesitan fuerza, seguridad y rendimiento constante en cada jornada.<\/p>\n<\/div>\n","protected":false},"featured_media":5313,"template":"","meta":{"_joinchat":[]},"product_brand":[65],"product_cat":[74],"product_tag":[118,122,121],"class_list":{"0":"post-5146","1":"product","2":"type-product","3":"status-publish","4":"has-post-thumbnail","6":"product_brand-toyota-material-handling","7":"product_cat-tractores-de-arrastre","8":"product_tag-tractor-de-arrastre","9":"product_tag-tractor-de-arrastre-industrial","10":"product_tag-tractor-industrial","12":"first","13":"instock","14":"shipping-taxable","15":"product-type-simple"},"yoast_head":"<!-- This site is optimized with the Yoast SEO plugin v27.5 - https:\/\/yoast.com\/product\/yoast-seo-wordpress\/ -->\n<title>Tractor de Arrastre - TOYOTA 2TG 2TD - 10 a 45 toneladas<\/title>\n<meta name=\"description\" content=\"Tractores de arrastre Toyota 2TG y 2TD, de 10 a 45 toneladas, para transporte horizontal y picking. Opciones el\u00e9ctricas o a combusti\u00f3n con garant\u00eda.\" \/>\n<meta name=\"robots\" content=\"index, follow, max-snippet:-1, max-image-preview:large, max-video-preview:-1\" \/>\n<link rel=\"canonical\" href=\"https:\/\/www.autoelevadoresilcar.com.ar\/toyota\/producto\/toyota-2tg-2td-tractor-de-arrastre\/\" \/>\n<meta property=\"og:locale\" content=\"es_ES\" \/>\n<meta property=\"og:type\" content=\"article\" \/>\n<meta property=\"og:title\" content=\"Tractor de Arrastre - TOYOTA 2TG 2TD - 10 a 45 toneladas\" \/>\n<meta property=\"og:description\" content=\"Tractores de arrastre Toyota 2TG y 2TD, de 10 a 45 toneladas, para transporte horizontal y picking. Opciones el\u00e9ctricas o a combusti\u00f3n con garant\u00eda.\" \/>\n<meta property=\"og:url\" content=\"https:\/\/www.autoelevadoresilcar.com.ar\/toyota\/producto\/toyota-2tg-2td-tractor-de-arrastre\/\" \/>\n<meta property=\"og:site_name\" content=\"Autoelevadores Silcar\" \/>\n<meta property=\"article:publisher\" content=\"https:\/\/www.facebook.com\/gruposilcarargentina\/\" \/>\n<meta property=\"article:modified_time\" content=\"2025-12-08T19:58:28+00:00\" \/>\n<meta property=\"og:image\" content=\"https:\/\/www.autoelevadoresilcar.com.ar\/toyota\/wp-content\/uploads\/2025\/11\/1-8.jpg\" \/>\n\t<meta property=\"og:image:width\" content=\"806\" \/>\n\t<meta property=\"og:image:height\" content=\"650\" \/>\n\t<meta property=\"og:image:type\" content=\"image\/jpeg\" \/>\n<meta name=\"twitter:card\" content=\"summary_large_image\" \/>\n<meta name=\"twitter:site\" content=\"@gruposilcar\" \/>\n<meta name=\"twitter:label1\" content=\"Tiempo de lectura\" \/>\n\t<meta name=\"twitter:data1\" content=\"1 minuto\" \/>\n<script type=\"application\/ld+json\" class=\"yoast-schema-graph\">{\"@context\":\"https:\\\/\\\/schema.org\",\"@graph\":[{\"@type\":\"WebPage\",\"@id\":\"https:\\\/\\\/www.autoelevadoresilcar.com.ar\\\/toyota\\\/producto\\\/toyota-2tg-2td-tractor-de-arrastre\\\/\",\"url\":\"https:\\\/\\\/www.autoelevadoresilcar.com.ar\\\/toyota\\\/producto\\\/toyota-2tg-2td-tractor-de-arrastre\\\/\",\"name\":\"Tractor de Arrastre - TOYOTA 2TG 2TD - 10 a 45 toneladas\",\"isPartOf\":{\"@id\":\"https:\\\/\\\/www.autoelevadoresilcar.com.ar\\\/toyota\\\/#website\"},\"primaryImageOfPage\":{\"@id\":\"https:\\\/\\\/www.autoelevadoresilcar.com.ar\\\/toyota\\\/producto\\\/toyota-2tg-2td-tractor-de-arrastre\\\/#primaryimage\"},\"image\":{\"@id\":\"https:\\\/\\\/www.autoelevadoresilcar.com.ar\\\/toyota\\\/producto\\\/toyota-2tg-2td-tractor-de-arrastre\\\/#primaryimage\"},\"thumbnailUrl\":\"https:\\\/\\\/www.autoelevadoresilcar.com.ar\\\/toyota\\\/wp-content\\\/uploads\\\/2025\\\/11\\\/1-8.jpg\",\"datePublished\":\"2025-11-30T13:54:16+00:00\",\"dateModified\":\"2025-12-08T19:58:28+00:00\",\"description\":\"Tractores de arrastre Toyota 2TG y 2TD, de 10 a 45 toneladas, para transporte horizontal y picking. Opciones el\u00e9ctricas o a combusti\u00f3n con garant\u00eda.\",\"breadcrumb\":{\"@id\":\"https:\\\/\\\/www.autoelevadoresilcar.com.ar\\\/toyota\\\/producto\\\/toyota-2tg-2td-tractor-de-arrastre\\\/#breadcrumb\"},\"inLanguage\":\"es-AR\",\"potentialAction\":[{\"@type\":\"ReadAction\",\"target\":[\"https:\\\/\\\/www.autoelevadoresilcar.com.ar\\\/toyota\\\/producto\\\/toyota-2tg-2td-tractor-de-arrastre\\\/\"]}]},{\"@type\":\"ImageObject\",\"inLanguage\":\"es-AR\",\"@id\":\"https:\\\/\\\/www.autoelevadoresilcar.com.ar\\\/toyota\\\/producto\\\/toyota-2tg-2td-tractor-de-arrastre\\\/#primaryimage\",\"url\":\"https:\\\/\\\/www.autoelevadoresilcar.com.ar\\\/toyota\\\/wp-content\\\/uploads\\\/2025\\\/11\\\/1-8.jpg\",\"contentUrl\":\"https:\\\/\\\/www.autoelevadoresilcar.com.ar\\\/toyota\\\/wp-content\\\/uploads\\\/2025\\\/11\\\/1-8.jpg\",\"width\":806,\"height\":650,\"caption\":\"TOYOTA 2TG 2TD\"},{\"@type\":\"BreadcrumbList\",\"@id\":\"https:\\\/\\\/www.autoelevadoresilcar.com.ar\\\/toyota\\\/producto\\\/toyota-2tg-2td-tractor-de-arrastre\\\/#breadcrumb\",\"itemListElement\":[{\"@type\":\"ListItem\",\"position\":1,\"name\":\"Inicio\",\"item\":\"https:\\\/\\\/www.autoelevadoresilcar.com.ar\\\/toyota\\\/\"},{\"@type\":\"ListItem\",\"position\":2,\"name\":\"Productos\",\"item\":\"https:\\\/\\\/www.autoelevadoresilcar.com.ar\\\/toyota\\\/productos\\\/\"},{\"@type\":\"ListItem\",\"position\":3,\"name\":\"TOYOTA 2TG 2TD\"}]},{\"@type\":\"WebSite\",\"@id\":\"https:\\\/\\\/www.autoelevadoresilcar.com.ar\\\/toyota\\\/#website\",\"url\":\"https:\\\/\\\/www.autoelevadoresilcar.com.ar\\\/toyota\\\/\",\"name\":\"Autoelevadores Silcar\",\"description\":\"\",\"publisher\":{\"@id\":\"https:\\\/\\\/www.autoelevadoresilcar.com.ar\\\/toyota\\\/#organization\"},\"alternateName\":\"Autoelevadores Toyota\",\"potentialAction\":[{\"@type\":\"SearchAction\",\"target\":{\"@type\":\"EntryPoint\",\"urlTemplate\":\"https:\\\/\\\/www.autoelevadoresilcar.com.ar\\\/toyota\\\/?s={search_term_string}\"},\"query-input\":{\"@type\":\"PropertyValueSpecification\",\"valueRequired\":true,\"valueName\":\"search_term_string\"}}],\"inLanguage\":\"es-AR\"},{\"@type\":\"Organization\",\"@id\":\"https:\\\/\\\/www.autoelevadoresilcar.com.ar\\\/toyota\\\/#organization\",\"name\":\"Autoelevadores Silcar\",\"alternateName\":\"Autoelevadores Toyota\",\"url\":\"https:\\\/\\\/www.autoelevadoresilcar.com.ar\\\/toyota\\\/\",\"logo\":{\"@type\":\"ImageObject\",\"inLanguage\":\"es-AR\",\"@id\":\"https:\\\/\\\/www.autoelevadoresilcar.com.ar\\\/toyota\\\/#\\\/schema\\\/logo\\\/image\\\/\",\"url\":\"https:\\\/\\\/www.autoelevadoresilcar.com.ar\\\/toyota\\\/wp-content\\\/uploads\\\/2025\\\/10\\\/autoelevadores-toyota.jpg\",\"contentUrl\":\"https:\\\/\\\/www.autoelevadoresilcar.com.ar\\\/toyota\\\/wp-content\\\/uploads\\\/2025\\\/10\\\/autoelevadores-toyota.jpg\",\"width\":1903,\"height\":1189,\"caption\":\"Autoelevadores Silcar\"},\"image\":{\"@id\":\"https:\\\/\\\/www.autoelevadoresilcar.com.ar\\\/toyota\\\/#\\\/schema\\\/logo\\\/image\\\/\"},\"sameAs\":[\"https:\\\/\\\/www.facebook.com\\\/gruposilcarargentina\\\/\",\"https:\\\/\\\/x.com\\\/gruposilcar\",\"https:\\\/\\\/www.instagram.com\\\/grupo.silcar\\\/\",\"https:\\\/\\\/www.youtube.com\\\/channel\\\/UCQHEcWB82lZeO0DePCCjuWg\",\"https:\\\/\\\/www.linkedin.com\\\/company\\\/autoelevadores-silcar\\\/\"]}]}<\/script>\n<!-- \/ Yoast SEO plugin. -->","yoast_head_json":{"title":"Tractor de Arrastre - TOYOTA 2TG 2TD - 10 a 45 toneladas","description":"Tractores de arrastre Toyota 2TG y 2TD, de 10 a 45 toneladas, para transporte horizontal y picking. Opciones el\u00e9ctricas o a combusti\u00f3n con garant\u00eda.","robots":{"index":"index","follow":"follow","max-snippet":"max-snippet:-1","max-image-preview":"max-image-preview:large","max-video-preview":"max-video-preview:-1"},"canonical":"https:\/\/www.autoelevadoresilcar.com.ar\/toyota\/producto\/toyota-2tg-2td-tractor-de-arrastre\/","og_locale":"es_ES","og_type":"article","og_title":"Tractor de Arrastre - TOYOTA 2TG 2TD - 10 a 45 toneladas","og_description":"Tractores de arrastre Toyota 2TG y 2TD, de 10 a 45 toneladas, para transporte horizontal y picking. Opciones el\u00e9ctricas o a combusti\u00f3n con garant\u00eda.","og_url":"https:\/\/www.autoelevadoresilcar.com.ar\/toyota\/producto\/toyota-2tg-2td-tractor-de-arrastre\/","og_site_name":"Autoelevadores Silcar","article_publisher":"https:\/\/www.facebook.com\/gruposilcarargentina\/","article_modified_time":"2025-12-08T19:58:28+00:00","og_image":[{"width":806,"height":650,"url":"https:\/\/www.autoelevadoresilcar.com.ar\/toyota\/wp-content\/uploads\/2025\/11\/1-8.jpg","type":"image\/jpeg"}],"twitter_card":"summary_large_image","twitter_site":"@gruposilcar","twitter_misc":{"Tiempo de lectura":"1 minuto"},"schema":{"@context":"https:\/\/schema.org","@graph":[{"@type":"WebPage","@id":"https:\/\/www.autoelevadoresilcar.com.ar\/toyota\/producto\/toyota-2tg-2td-tractor-de-arrastre\/","url":"https:\/\/www.autoelevadoresilcar.com.ar\/toyota\/producto\/toyota-2tg-2td-tractor-de-arrastre\/","name":"Tractor de Arrastre - TOYOTA 2TG 2TD - 10 a 45 toneladas","isPartOf":{"@id":"https:\/\/www.autoelevadoresilcar.com.ar\/toyota\/#website"},"primaryImageOfPage":{"@id":"https:\/\/www.autoelevadoresilcar.com.ar\/toyota\/producto\/toyota-2tg-2td-tractor-de-arrastre\/#primaryimage"},"image":{"@id":"https:\/\/www.autoelevadoresilcar.com.ar\/toyota\/producto\/toyota-2tg-2td-tractor-de-arrastre\/#primaryimage"},"thumbnailUrl":"https:\/\/www.autoelevadoresilcar.com.ar\/toyota\/wp-content\/uploads\/2025\/11\/1-8.jpg","datePublished":"2025-11-30T13:54:16+00:00","dateModified":"2025-12-08T19:58:28+00:00","description":"Tractores de arrastre Toyota 2TG y 2TD, de 10 a 45 toneladas, para transporte horizontal y picking. Opciones el\u00e9ctricas o a combusti\u00f3n con garant\u00eda.","breadcrumb":{"@id":"https:\/\/www.autoelevadoresilcar.com.ar\/toyota\/producto\/toyota-2tg-2td-tractor-de-arrastre\/#breadcrumb"},"inLanguage":"es-AR","potentialAction":[{"@type":"ReadAction","target":["https:\/\/www.autoelevadoresilcar.com.ar\/toyota\/producto\/toyota-2tg-2td-tractor-de-arrastre\/"]}]},{"@type":"ImageObject","inLanguage":"es-AR","@id":"https:\/\/www.autoelevadoresilcar.com.ar\/toyota\/producto\/toyota-2tg-2td-tractor-de-arrastre\/#primaryimage","url":"https:\/\/www.autoelevadoresilcar.com.ar\/toyota\/wp-content\/uploads\/2025\/11\/1-8.jpg","contentUrl":"https:\/\/www.autoelevadoresilcar.com.ar\/toyota\/wp-content\/uploads\/2025\/11\/1-8.jpg","width":806,"height":650,"caption":"TOYOTA 2TG 2TD"},{"@type":"BreadcrumbList","@id":"https:\/\/www.autoelevadoresilcar.com.ar\/toyota\/producto\/toyota-2tg-2td-tractor-de-arrastre\/#breadcrumb","itemListElement":[{"@type":"ListItem","position":1,"name":"Inicio","item":"https:\/\/www.autoelevadoresilcar.com.ar\/toyota\/"},{"@type":"ListItem","position":2,"name":"Productos","item":"https:\/\/www.autoelevadoresilcar.com.ar\/toyota\/productos\/"},{"@type":"ListItem","position":3,"name":"TOYOTA 2TG 2TD"}]},{"@type":"WebSite","@id":"https:\/\/www.autoelevadoresilcar.com.ar\/toyota\/#website","url":"https:\/\/www.autoelevadoresilcar.com.ar\/toyota\/","name":"Autoelevadores Silcar","description":"","publisher":{"@id":"https:\/\/www.autoelevadoresilcar.com.ar\/toyota\/#organization"},"alternateName":"Autoelevadores Toyota","potentialAction":[{"@type":"SearchAction","target":{"@type":"EntryPoint","urlTemplate":"https:\/\/www.autoelevadoresilcar.com.ar\/toyota\/?s={search_term_string}"},"query-input":{"@type":"PropertyValueSpecification","valueRequired":true,"valueName":"search_term_string"}}],"inLanguage":"es-AR"},{"@type":"Organization","@id":"https:\/\/www.autoelevadoresilcar.com.ar\/toyota\/#organization","name":"Autoelevadores Silcar","alternateName":"Autoelevadores Toyota","url":"https:\/\/www.autoelevadoresilcar.com.ar\/toyota\/","logo":{"@type":"ImageObject","inLanguage":"es-AR","@id":"https:\/\/www.autoelevadoresilcar.com.ar\/toyota\/#\/schema\/logo\/image\/","url":"https:\/\/www.autoelevadoresilcar.com.ar\/toyota\/wp-content\/uploads\/2025\/10\/autoelevadores-toyota.jpg","contentUrl":"https:\/\/www.autoelevadoresilcar.com.ar\/toyota\/wp-content\/uploads\/2025\/10\/autoelevadores-toyota.jpg","width":1903,"height":1189,"caption":"Autoelevadores Silcar"},"image":{"@id":"https:\/\/www.autoelevadoresilcar.com.ar\/toyota\/#\/schema\/logo\/image\/"},"sameAs":["https:\/\/www.facebook.com\/gruposilcarargentina\/","https:\/\/x.com\/gruposilcar","https:\/\/www.instagram.com\/grupo.silcar\/","https:\/\/www.youtube.com\/channel\/UCQHEcWB82lZeO0DePCCjuWg","https:\/\/www.linkedin.com\/company\/autoelevadores-silcar\/"]}]}},"_links":{"self":[{"href":"https:\/\/www.autoelevadoresilcar.com.ar\/toyota\/wp-json\/wp\/v2\/product\/5146","targetHints":{"allow":["GET"]}}],"collection":[{"href":"https:\/\/www.autoelevadoresilcar.com.ar\/toyota\/wp-json\/wp\/v2\/product"}],"about":[{"href":"https:\/\/www.autoelevadoresilcar.com.ar\/toyota\/wp-json\/wp\/v2\/types\/product"}],"wp:featuredmedia":[{"embeddable":true,"href":"https:\/\/www.autoelevadoresilcar.com.ar\/toyota\/wp-json\/wp\/v2\/media\/5313"}],"wp:attachment":[{"href":"https:\/\/www.autoelevadoresilcar.com.ar\/toyota\/wp-json\/wp\/v2\/media?parent=5146"}],"wp:term":[{"taxonomy":"product_brand","embeddable":true,"href":"https:\/\/www.autoelevadoresilcar.com.ar\/toyota\/wp-json\/wp\/v2\/product_brand?post=5146"},{"taxonomy":"product_cat","embeddable":true,"href":"https:\/\/www.autoelevadoresilcar.com.ar\/toyota\/wp-json\/wp\/v2\/product_cat?post=5146"},{"taxonomy":"product_tag","embeddable":true,"href":"https:\/\/www.autoelevadoresilcar.com.ar\/toyota\/wp-json\/wp\/v2\/product_tag?post=5146"}],"curies":[{"name":"wp","href":"https:\/\/api.w.org\/{rel}","templated":true}]}}