{"id":5059,"date":"2025-11-06T08:21:23","date_gmt":"2025-11-06T11:21:23","guid":{"rendered":"https:\/\/www.autoelevadoresilcar.com.ar\/toyota\/?post_type=product&#038;p=5059"},"modified":"2025-12-08T17:19:45","modified_gmt":"2025-12-08T20:19:45","slug":"toyota-serie-z-fgzn-fdzn","status":"publish","type":"product","link":"https:\/\/www.autoelevadoresilcar.com.ar\/toyota\/producto\/toyota-serie-z-fgzn-fdzn\/","title":{"rendered":"Toyota Serie Z &#8211; FGZN\/FDZN"},"content":{"rendered":"<div class=\"o9v6fnle cxmmr5t8 oygrvhab hcukyx3x c1et5uql ii04i59q\">\n<div dir=\"auto\"><strong>PENSAMOS EN TU COSTO OPERATIVO:<\/strong>\u00a0Componentes Claves de Alta Calidad. Menor consumo. Bajo costo de mantenimiento.<\/div>\n<ul>\n<li dir=\"auto\">Motor industrial fabricado por Toyota, dise\u00f1ado espec\u00edficamente para uso en autoelevadores.<\/li>\n<li dir=\"auto\">Mayor eficiencia en el consumo de combustible (hasta un 33% de ahorro en comparaci\u00f3n con sus competidores).<\/li>\n<li dir=\"auto\">Componentes clave originales Toyota (Motor, Bomba Hidra\u00falica, V\u00e1lvula de Control, Frenos).<\/li>\n<li dir=\"auto\">La confiabilidad y durabilidad de los materiales con los que fue concebida la serie FGZN\/FDZN y su dise\u00f1o simple contribuyen a tener un costo de mantenimiento muy bajo.<\/li>\n<\/ul>\n<p><strong>PENSAMOS EN LOS OPERADORES<\/strong>: Seguridad y confort.<\/p>\n<ul>\n<li>La nueva serie FGZN\/FDZN ofrece un dise\u00f1o de chasis innovador que sigue los conceptos de seguridad Toyota, que junto con la incorporaci\u00f3n de un amortiguador en el eje trasero incrementan la estabilidad lateral del equipo.<\/li>\n<li>En t\u00e9rminos de seguridad activa, ofrece equipamiento de serie superior como el sistema de Sensor de Presencia del Operador (OPS), ayudando a prevenir cualquier accidente causado involuntariamente si el operador no est\u00e1 situado en la posici\u00f3n normal de trabajo.<\/li>\n<li>Adem\u00e1s, se destaca por tener el mejor dise\u00f1o ergon\u00f3mico, ayudando a reducir el cansancio del operador y contribuyendo a una operaci\u00f3n confortable: f\u00e1cil acceso, amplio espacio y excelente visibilidad.<\/li>\n<\/ul>\n<p><strong>PENSAMOS EN EL MEDIO AMBIENTE<\/strong>: Protecci\u00f3n ambiental. Dise\u00f1o silencioso y de baja vibraci\u00f3n.<\/p>\n<ul>\n<li>El motor fabricado por Toyota favorece a una mayor eficiencia energ\u00e9tica al producir menos emisiones de CO2 y menor consumo de combustible.<\/li>\n<li>La serie FGZN\/FDZN utiliza pintura libre de plomo y y recubrimientos libres de cromo hexavalente, contribuyendo as\u00ed a la reducci\u00f3n del impacto ambiental y a la conservaci\u00f3n del medio ambiente.<\/li>\n<\/ul>\n<\/div>\n<p><span class=\"fuerte\">Los autoelevadores\u00a0<strong>Toyota Material Handling Argentina<\/strong><\/span>\u00a0satisfacen las avanzadas exigencias del mercado actual, ya que\u00a0es\u00a0l\u00edder mundial en equipos y soluciones para movimiento de materiales. Brindamos soluciones a medida para cada cliente. Garant\u00eda de\u00a01\u00a0a\u00f1o o 2000 horas.<\/p>\n<h2 class=\"car\">Caracter\u00edsticas:<\/h2>\n<div class=\"texto\">\n<div class=\"table-responsive\">\n<table border=\"0\" width=\"100%\" cellspacing=\"0\" cellpadding=\"0\" align=\"center\">\n<tbody>\n<tr>\n<th align=\"center\">Modelo<\/th>\n<th align=\"center\">FGZN20-FDZN20<\/th>\n<th align=\"center\">FGZN25-FDZN25<\/th>\n<th align=\"center\">FGZN30-FDZN30<\/th>\n<\/tr>\n<tr>\n<td align=\"center\">Modelo de motor<\/td>\n<td align=\"center\">4Y | 1DZ-II<\/td>\n<td align=\"center\">4Y | 1DZ-II<\/td>\n<td align=\"center\">4Y | 1DZ-II<\/td>\n<\/tr>\n<tr>\n<td align=\"center\">Capacidad Nominal de carga (Kg)<\/td>\n<td align=\"center\">2000<\/td>\n<td align=\"center\">2500<\/td>\n<td align=\"center\">3000<\/td>\n<\/tr>\n<tr>\n<td align=\"center\">Centro de Carga (mm)<\/td>\n<td align=\"center\">500<\/td>\n<td align=\"center\">500<\/td>\n<td align=\"center\">500<\/td>\n<\/tr>\n<tr>\n<td align=\"center\">Ancho Total (mm)<\/td>\n<td align=\"center\">1150<\/td>\n<td align=\"center\">1150<\/td>\n<td align=\"center\">1255<\/td>\n<\/tr>\n<tr>\n<td align=\"center\">Radio de Giro Exterior (mm)<\/td>\n<td align=\"center\">2200<\/td>\n<td align=\"center\">2260<\/td>\n<td align=\"center\">2400<\/td>\n<\/tr>\n<tr>\n<td align=\"center\">Altura al Techo (mm)<\/td>\n<td align=\"center\">2130<\/td>\n<td align=\"center\">2130<\/td>\n<td align=\"center\">2195<\/td>\n<\/tr>\n<tr>\n<td align=\"center\">Largo (sin u\u00f1as) (mm)<\/td>\n<td align=\"center\">2570<\/td>\n<td align=\"center\">2650<\/td>\n<td align=\"center\">2770<\/td>\n<\/tr>\n<\/tbody>\n<\/table>\n<\/div>\n<\/div>\n","protected":false},"excerpt":{"rendered":"<ul>\n<li>Autoelevador Diesel\/GLP<\/li>\n<li>Toyota Z Series<\/li>\n<\/ul>\n<p>Los nuevos autoelevadores a combusti\u00f3n de Toyota, con capacidades de carga entre 2.0 y 3.0 toneladas, ofrecen un dise\u00f1o actualizado y nuevos componentes utilizados en la l\u00ednea premium.<\/p>\n","protected":false},"featured_media":5325,"template":"","meta":{"_joinchat":[]},"product_brand":[65],"product_cat":[72],"product_tag":[101,102,100],"class_list":{"0":"post-5059","1":"product","2":"type-product","3":"status-publish","4":"has-post-thumbnail","6":"product_brand-toyota-material-handling","7":"product_cat-autoelevadores-a-combustion","8":"product_tag-fgzn-fdzn","9":"product_tag-serie-z","10":"product_tag-toyota-serie-z","12":"first","13":"instock","14":"featured","15":"shipping-taxable","16":"product-type-simple"},"yoast_head":"<!-- This site is optimized with the Yoast SEO plugin v27.5 - https:\/\/yoast.com\/product\/yoast-seo-wordpress\/ -->\n<title>Toyota Serie Z - FGZN\/FDZN - Autoelevadores Silcar SRL<\/title>\n<meta name=\"description\" content=\"Los autoelevadores Toyota Serie Z ofrecen m\u00e1ximo rendimiento, bajo consumo y ergonom\u00eda avanzada para operaciones intensivas.\" \/>\n<meta name=\"robots\" content=\"index, follow, max-snippet:-1, max-image-preview:large, max-video-preview:-1\" \/>\n<link rel=\"canonical\" href=\"https:\/\/www.autoelevadoresilcar.com.ar\/toyota\/producto\/toyota-serie-z-fgzn-fdzn\/\" \/>\n<meta property=\"og:locale\" content=\"es_ES\" \/>\n<meta property=\"og:type\" content=\"article\" \/>\n<meta property=\"og:title\" content=\"Toyota Serie Z - FGZN\/FDZN - Autoelevadores Silcar SRL\" \/>\n<meta property=\"og:description\" content=\"Los autoelevadores Toyota Serie Z ofrecen m\u00e1ximo rendimiento, bajo consumo y ergonom\u00eda avanzada para operaciones intensivas.\" \/>\n<meta property=\"og:url\" content=\"https:\/\/www.autoelevadoresilcar.com.ar\/toyota\/producto\/toyota-serie-z-fgzn-fdzn\/\" \/>\n<meta property=\"og:site_name\" content=\"Autoelevadores Silcar\" \/>\n<meta property=\"article:publisher\" content=\"https:\/\/www.facebook.com\/gruposilcarargentina\/\" \/>\n<meta property=\"article:modified_time\" content=\"2025-12-08T20:19:45+00:00\" \/>\n<meta property=\"og:image\" content=\"https:\/\/www.autoelevadoresilcar.com.ar\/toyota\/wp-content\/uploads\/2025\/11\/1-15.jpg\" \/>\n\t<meta property=\"og:image:width\" content=\"806\" \/>\n\t<meta property=\"og:image:height\" content=\"650\" \/>\n\t<meta property=\"og:image:type\" content=\"image\/jpeg\" \/>\n<meta name=\"twitter:card\" content=\"summary_large_image\" \/>\n<meta name=\"twitter:site\" content=\"@gruposilcar\" \/>\n<meta name=\"twitter:label1\" content=\"Tiempo de lectura\" \/>\n\t<meta name=\"twitter:data1\" content=\"2 minutos\" \/>\n<script type=\"application\/ld+json\" class=\"yoast-schema-graph\">{\"@context\":\"https:\\\/\\\/schema.org\",\"@graph\":[{\"@type\":\"WebPage\",\"@id\":\"https:\\\/\\\/www.autoelevadoresilcar.com.ar\\\/toyota\\\/producto\\\/toyota-serie-z-fgzn-fdzn\\\/\",\"url\":\"https:\\\/\\\/www.autoelevadoresilcar.com.ar\\\/toyota\\\/producto\\\/toyota-serie-z-fgzn-fdzn\\\/\",\"name\":\"Toyota Serie Z - FGZN\\\/FDZN - Autoelevadores Silcar SRL\",\"isPartOf\":{\"@id\":\"https:\\\/\\\/www.autoelevadoresilcar.com.ar\\\/toyota\\\/#website\"},\"primaryImageOfPage\":{\"@id\":\"https:\\\/\\\/www.autoelevadoresilcar.com.ar\\\/toyota\\\/producto\\\/toyota-serie-z-fgzn-fdzn\\\/#primaryimage\"},\"image\":{\"@id\":\"https:\\\/\\\/www.autoelevadoresilcar.com.ar\\\/toyota\\\/producto\\\/toyota-serie-z-fgzn-fdzn\\\/#primaryimage\"},\"thumbnailUrl\":\"https:\\\/\\\/www.autoelevadoresilcar.com.ar\\\/toyota\\\/wp-content\\\/uploads\\\/2025\\\/11\\\/1-15.jpg\",\"datePublished\":\"2025-11-06T11:21:23+00:00\",\"dateModified\":\"2025-12-08T20:19:45+00:00\",\"description\":\"Los autoelevadores Toyota Serie Z ofrecen m\u00e1ximo rendimiento, bajo consumo y ergonom\u00eda avanzada para operaciones intensivas.\",\"breadcrumb\":{\"@id\":\"https:\\\/\\\/www.autoelevadoresilcar.com.ar\\\/toyota\\\/producto\\\/toyota-serie-z-fgzn-fdzn\\\/#breadcrumb\"},\"inLanguage\":\"es-AR\",\"potentialAction\":[{\"@type\":\"ReadAction\",\"target\":[\"https:\\\/\\\/www.autoelevadoresilcar.com.ar\\\/toyota\\\/producto\\\/toyota-serie-z-fgzn-fdzn\\\/\"]}]},{\"@type\":\"ImageObject\",\"inLanguage\":\"es-AR\",\"@id\":\"https:\\\/\\\/www.autoelevadoresilcar.com.ar\\\/toyota\\\/producto\\\/toyota-serie-z-fgzn-fdzn\\\/#primaryimage\",\"url\":\"https:\\\/\\\/www.autoelevadoresilcar.com.ar\\\/toyota\\\/wp-content\\\/uploads\\\/2025\\\/11\\\/1-15.jpg\",\"contentUrl\":\"https:\\\/\\\/www.autoelevadoresilcar.com.ar\\\/toyota\\\/wp-content\\\/uploads\\\/2025\\\/11\\\/1-15.jpg\",\"width\":806,\"height\":650,\"caption\":\"Toyota Serie Z - FGZN\\\/FDZN\"},{\"@type\":\"BreadcrumbList\",\"@id\":\"https:\\\/\\\/www.autoelevadoresilcar.com.ar\\\/toyota\\\/producto\\\/toyota-serie-z-fgzn-fdzn\\\/#breadcrumb\",\"itemListElement\":[{\"@type\":\"ListItem\",\"position\":1,\"name\":\"Inicio\",\"item\":\"https:\\\/\\\/www.autoelevadoresilcar.com.ar\\\/toyota\\\/\"},{\"@type\":\"ListItem\",\"position\":2,\"name\":\"Productos\",\"item\":\"https:\\\/\\\/www.autoelevadoresilcar.com.ar\\\/toyota\\\/productos\\\/\"},{\"@type\":\"ListItem\",\"position\":3,\"name\":\"Toyota Serie Z &#8211; FGZN\\\/FDZN\"}]},{\"@type\":\"WebSite\",\"@id\":\"https:\\\/\\\/www.autoelevadoresilcar.com.ar\\\/toyota\\\/#website\",\"url\":\"https:\\\/\\\/www.autoelevadoresilcar.com.ar\\\/toyota\\\/\",\"name\":\"Autoelevadores Silcar\",\"description\":\"\",\"publisher\":{\"@id\":\"https:\\\/\\\/www.autoelevadoresilcar.com.ar\\\/toyota\\\/#organization\"},\"alternateName\":\"Autoelevadores Toyota\",\"potentialAction\":[{\"@type\":\"SearchAction\",\"target\":{\"@type\":\"EntryPoint\",\"urlTemplate\":\"https:\\\/\\\/www.autoelevadoresilcar.com.ar\\\/toyota\\\/?s={search_term_string}\"},\"query-input\":{\"@type\":\"PropertyValueSpecification\",\"valueRequired\":true,\"valueName\":\"search_term_string\"}}],\"inLanguage\":\"es-AR\"},{\"@type\":\"Organization\",\"@id\":\"https:\\\/\\\/www.autoelevadoresilcar.com.ar\\\/toyota\\\/#organization\",\"name\":\"Autoelevadores Silcar\",\"alternateName\":\"Autoelevadores Toyota\",\"url\":\"https:\\\/\\\/www.autoelevadoresilcar.com.ar\\\/toyota\\\/\",\"logo\":{\"@type\":\"ImageObject\",\"inLanguage\":\"es-AR\",\"@id\":\"https:\\\/\\\/www.autoelevadoresilcar.com.ar\\\/toyota\\\/#\\\/schema\\\/logo\\\/image\\\/\",\"url\":\"https:\\\/\\\/www.autoelevadoresilcar.com.ar\\\/toyota\\\/wp-content\\\/uploads\\\/2025\\\/10\\\/autoelevadores-toyota.jpg\",\"contentUrl\":\"https:\\\/\\\/www.autoelevadoresilcar.com.ar\\\/toyota\\\/wp-content\\\/uploads\\\/2025\\\/10\\\/autoelevadores-toyota.jpg\",\"width\":1903,\"height\":1189,\"caption\":\"Autoelevadores Silcar\"},\"image\":{\"@id\":\"https:\\\/\\\/www.autoelevadoresilcar.com.ar\\\/toyota\\\/#\\\/schema\\\/logo\\\/image\\\/\"},\"sameAs\":[\"https:\\\/\\\/www.facebook.com\\\/gruposilcarargentina\\\/\",\"https:\\\/\\\/x.com\\\/gruposilcar\",\"https:\\\/\\\/www.instagram.com\\\/grupo.silcar\\\/\",\"https:\\\/\\\/www.youtube.com\\\/channel\\\/UCQHEcWB82lZeO0DePCCjuWg\",\"https:\\\/\\\/www.linkedin.com\\\/company\\\/autoelevadores-silcar\\\/\"]}]}<\/script>\n<!-- \/ Yoast SEO plugin. -->","yoast_head_json":{"title":"Toyota Serie Z - FGZN\/FDZN - Autoelevadores Silcar SRL","description":"Los autoelevadores Toyota Serie Z ofrecen m\u00e1ximo rendimiento, bajo consumo y ergonom\u00eda avanzada para operaciones intensivas.","robots":{"index":"index","follow":"follow","max-snippet":"max-snippet:-1","max-image-preview":"max-image-preview:large","max-video-preview":"max-video-preview:-1"},"canonical":"https:\/\/www.autoelevadoresilcar.com.ar\/toyota\/producto\/toyota-serie-z-fgzn-fdzn\/","og_locale":"es_ES","og_type":"article","og_title":"Toyota Serie Z - FGZN\/FDZN - Autoelevadores Silcar SRL","og_description":"Los autoelevadores Toyota Serie Z ofrecen m\u00e1ximo rendimiento, bajo consumo y ergonom\u00eda avanzada para operaciones intensivas.","og_url":"https:\/\/www.autoelevadoresilcar.com.ar\/toyota\/producto\/toyota-serie-z-fgzn-fdzn\/","og_site_name":"Autoelevadores Silcar","article_publisher":"https:\/\/www.facebook.com\/gruposilcarargentina\/","article_modified_time":"2025-12-08T20:19:45+00:00","og_image":[{"width":806,"height":650,"url":"https:\/\/www.autoelevadoresilcar.com.ar\/toyota\/wp-content\/uploads\/2025\/11\/1-15.jpg","type":"image\/jpeg"}],"twitter_card":"summary_large_image","twitter_site":"@gruposilcar","twitter_misc":{"Tiempo de lectura":"2 minutos"},"schema":{"@context":"https:\/\/schema.org","@graph":[{"@type":"WebPage","@id":"https:\/\/www.autoelevadoresilcar.com.ar\/toyota\/producto\/toyota-serie-z-fgzn-fdzn\/","url":"https:\/\/www.autoelevadoresilcar.com.ar\/toyota\/producto\/toyota-serie-z-fgzn-fdzn\/","name":"Toyota Serie Z - FGZN\/FDZN - Autoelevadores Silcar SRL","isPartOf":{"@id":"https:\/\/www.autoelevadoresilcar.com.ar\/toyota\/#website"},"primaryImageOfPage":{"@id":"https:\/\/www.autoelevadoresilcar.com.ar\/toyota\/producto\/toyota-serie-z-fgzn-fdzn\/#primaryimage"},"image":{"@id":"https:\/\/www.autoelevadoresilcar.com.ar\/toyota\/producto\/toyota-serie-z-fgzn-fdzn\/#primaryimage"},"thumbnailUrl":"https:\/\/www.autoelevadoresilcar.com.ar\/toyota\/wp-content\/uploads\/2025\/11\/1-15.jpg","datePublished":"2025-11-06T11:21:23+00:00","dateModified":"2025-12-08T20:19:45+00:00","description":"Los autoelevadores Toyota Serie Z ofrecen m\u00e1ximo rendimiento, bajo consumo y ergonom\u00eda avanzada para operaciones intensivas.","breadcrumb":{"@id":"https:\/\/www.autoelevadoresilcar.com.ar\/toyota\/producto\/toyota-serie-z-fgzn-fdzn\/#breadcrumb"},"inLanguage":"es-AR","potentialAction":[{"@type":"ReadAction","target":["https:\/\/www.autoelevadoresilcar.com.ar\/toyota\/producto\/toyota-serie-z-fgzn-fdzn\/"]}]},{"@type":"ImageObject","inLanguage":"es-AR","@id":"https:\/\/www.autoelevadoresilcar.com.ar\/toyota\/producto\/toyota-serie-z-fgzn-fdzn\/#primaryimage","url":"https:\/\/www.autoelevadoresilcar.com.ar\/toyota\/wp-content\/uploads\/2025\/11\/1-15.jpg","contentUrl":"https:\/\/www.autoelevadoresilcar.com.ar\/toyota\/wp-content\/uploads\/2025\/11\/1-15.jpg","width":806,"height":650,"caption":"Toyota Serie Z - FGZN\/FDZN"},{"@type":"BreadcrumbList","@id":"https:\/\/www.autoelevadoresilcar.com.ar\/toyota\/producto\/toyota-serie-z-fgzn-fdzn\/#breadcrumb","itemListElement":[{"@type":"ListItem","position":1,"name":"Inicio","item":"https:\/\/www.autoelevadoresilcar.com.ar\/toyota\/"},{"@type":"ListItem","position":2,"name":"Productos","item":"https:\/\/www.autoelevadoresilcar.com.ar\/toyota\/productos\/"},{"@type":"ListItem","position":3,"name":"Toyota Serie Z &#8211; FGZN\/FDZN"}]},{"@type":"WebSite","@id":"https:\/\/www.autoelevadoresilcar.com.ar\/toyota\/#website","url":"https:\/\/www.autoelevadoresilcar.com.ar\/toyota\/","name":"Autoelevadores Silcar","description":"","publisher":{"@id":"https:\/\/www.autoelevadoresilcar.com.ar\/toyota\/#organization"},"alternateName":"Autoelevadores Toyota","potentialAction":[{"@type":"SearchAction","target":{"@type":"EntryPoint","urlTemplate":"https:\/\/www.autoelevadoresilcar.com.ar\/toyota\/?s={search_term_string}"},"query-input":{"@type":"PropertyValueSpecification","valueRequired":true,"valueName":"search_term_string"}}],"inLanguage":"es-AR"},{"@type":"Organization","@id":"https:\/\/www.autoelevadoresilcar.com.ar\/toyota\/#organization","name":"Autoelevadores Silcar","alternateName":"Autoelevadores Toyota","url":"https:\/\/www.autoelevadoresilcar.com.ar\/toyota\/","logo":{"@type":"ImageObject","inLanguage":"es-AR","@id":"https:\/\/www.autoelevadoresilcar.com.ar\/toyota\/#\/schema\/logo\/image\/","url":"https:\/\/www.autoelevadoresilcar.com.ar\/toyota\/wp-content\/uploads\/2025\/10\/autoelevadores-toyota.jpg","contentUrl":"https:\/\/www.autoelevadoresilcar.com.ar\/toyota\/wp-content\/uploads\/2025\/10\/autoelevadores-toyota.jpg","width":1903,"height":1189,"caption":"Autoelevadores Silcar"},"image":{"@id":"https:\/\/www.autoelevadoresilcar.com.ar\/toyota\/#\/schema\/logo\/image\/"},"sameAs":["https:\/\/www.facebook.com\/gruposilcarargentina\/","https:\/\/x.com\/gruposilcar","https:\/\/www.instagram.com\/grupo.silcar\/","https:\/\/www.youtube.com\/channel\/UCQHEcWB82lZeO0DePCCjuWg","https:\/\/www.linkedin.com\/company\/autoelevadores-silcar\/"]}]}},"_links":{"self":[{"href":"https:\/\/www.autoelevadoresilcar.com.ar\/toyota\/wp-json\/wp\/v2\/product\/5059","targetHints":{"allow":["GET"]}}],"collection":[{"href":"https:\/\/www.autoelevadoresilcar.com.ar\/toyota\/wp-json\/wp\/v2\/product"}],"about":[{"href":"https:\/\/www.autoelevadoresilcar.com.ar\/toyota\/wp-json\/wp\/v2\/types\/product"}],"wp:featuredmedia":[{"embeddable":true,"href":"https:\/\/www.autoelevadoresilcar.com.ar\/toyota\/wp-json\/wp\/v2\/media\/5325"}],"wp:attachment":[{"href":"https:\/\/www.autoelevadoresilcar.com.ar\/toyota\/wp-json\/wp\/v2\/media?parent=5059"}],"wp:term":[{"taxonomy":"product_brand","embeddable":true,"href":"https:\/\/www.autoelevadoresilcar.com.ar\/toyota\/wp-json\/wp\/v2\/product_brand?post=5059"},{"taxonomy":"product_cat","embeddable":true,"href":"https:\/\/www.autoelevadoresilcar.com.ar\/toyota\/wp-json\/wp\/v2\/product_cat?post=5059"},{"taxonomy":"product_tag","embeddable":true,"href":"https:\/\/www.autoelevadoresilcar.com.ar\/toyota\/wp-json\/wp\/v2\/product_tag?post=5059"}],"curies":[{"name":"wp","href":"https:\/\/api.w.org\/{rel}","templated":true}]}}