{"id":4751,"date":"2025-11-05T11:44:19","date_gmt":"2025-11-05T14:44:19","guid":{"rendered":"https:\/\/www.autoelevadoresilcar.com.ar\/toyota\/?page_id=4751"},"modified":"2025-11-05T16:35:33","modified_gmt":"2025-11-05T19:35:33","slug":"repuestos-toyota","status":"publish","type":"page","link":"https:\/\/www.autoelevadoresilcar.com.ar\/toyota\/servicios\/repuestos-toyota\/","title":{"rendered":"Repuestos Toyota"},"content":{"rendered":"\t\t<div data-elementor-type=\"wp-page\" data-elementor-id=\"4751\" class=\"elementor elementor-4751\">\n\t\t\t\t\t\t<div class=\" elementor-section elementor-top-section elementor-element elementor-element-ba3a554 elementor-section-boxed elementor-section-height-default elementor-section-height-default\" data-id=\"ba3a554\" data-element_type=\"section\" data-e-type=\"section\">\r\n\t\t\t\t\t\t\t\t<div class=\"elementor-container elementor-column-gap-default\">\r\n\t\t\t\t\r\n\t\t\t\t\t\t\t\t<div class=\" elementor-column elementor-col-100 elementor-top-column elementor-element elementor-element-b41eeac \" data-id=\"b41eeac\" data-element_type=\"column\" data-e-type=\"column\">\r\n\r\n\t\t\t\t\r\n\t\t\t\t<div class=\"elementor-widget-wrap elementor-element-populated\">\r\n\t\t\t\t\t\t\t\t\t\t\r\n\t\t\t\t\t\t<div class=\"elementor-element elementor-element-ffd9f3e elementor-invisible elementor-widget elementor-widget-heading\" data-id=\"ffd9f3e\" data-element_type=\"widget\" data-e-type=\"widget\" data-settings=\"{&quot;_animation&quot;:&quot;fadeInUpShorter&quot;}\" data-widget_type=\"heading.default\">\n\t\t\t\t\t<h2 class=\"elementor-heading-title elementor-size-default\">AUTOELEVADORES SILCAR S.R.L. - EVOLUCI\u00d3N PERMANENTE\n<\/h2>\t\t\t\t<\/div>\n\t\t\t\t<div class=\"elementor-element elementor-element-9953849 elementor-invisible elementor-widget elementor-widget-text-editor\" data-id=\"9953849\" data-element_type=\"widget\" data-e-type=\"widget\" data-settings=\"{&quot;_animation&quot;:&quot;fadeInUp&quot;}\" data-widget_type=\"text-editor.default\">\n\t\t\t\t\t\t\t\t\t<p>Somos\u00a0<strong>concesionarios oficiales Toyota<\/strong>, y por ende, contamos con repuestos originales. Nuestros repuestos cuenta con un estricto control de calidad\u00a0<strong>Toyota<\/strong>, el cual garantiza que cada repuesto presenta las mismas caracter\u00edsticas y cumple la misma funcionalidad que la pieza a ser reemplazada.<\/p><p>Los repuestos originales\u00a0<strong>Toyota<\/strong>\u00a0otorgar\u00e1n a su unidad un \u00f3ptimo funcionamiento, y asegurar\u00e1n la durabilidad de su equipo, a la vez que convertir\u00e1n a la inversi\u00f3n por Ud. realizada en la mejor opci\u00f3n.<\/p><p>Asimismo, contamos con repuestos de todas las marcas. Disponemos de una amplia variedad de aros engomados y neum\u00e1ticos.<\/p>\t\t\t\t\t\t\t\t<\/div>\n\t\t\t\t<div class=\"elementor-element elementor-element-c67d9fc elementor-arrows-position-outside elementor-invisible elementor-widget elementor-widget-image-carousel\" data-id=\"c67d9fc\" data-element_type=\"widget\" data-e-type=\"widget\" data-settings=\"{&quot;slides_to_show&quot;:&quot;3&quot;,&quot;slides_to_scroll&quot;:&quot;1&quot;,&quot;navigation&quot;:&quot;arrows&quot;,&quot;_animation&quot;:&quot;fadeInUp&quot;,&quot;autoplay&quot;:&quot;yes&quot;,&quot;pause_on_hover&quot;:&quot;yes&quot;,&quot;pause_on_interaction&quot;:&quot;yes&quot;,&quot;autoplay_speed&quot;:5000,&quot;infinite&quot;:&quot;yes&quot;,&quot;speed&quot;:500,&quot;image_spacing_custom&quot;:{&quot;unit&quot;:&quot;px&quot;,&quot;size&quot;:20,&quot;sizes&quot;:[]},&quot;image_spacing_custom_laptop&quot;:{&quot;unit&quot;:&quot;px&quot;,&quot;size&quot;:&quot;&quot;,&quot;sizes&quot;:[]},&quot;image_spacing_custom_tablet_extra&quot;:{&quot;unit&quot;:&quot;px&quot;,&quot;size&quot;:&quot;&quot;,&quot;sizes&quot;:[]},&quot;image_spacing_custom_tablet&quot;:{&quot;unit&quot;:&quot;px&quot;,&quot;size&quot;:&quot;&quot;,&quot;sizes&quot;:[]},&quot;image_spacing_custom_mobile&quot;:{&quot;unit&quot;:&quot;px&quot;,&quot;size&quot;:&quot;&quot;,&quot;sizes&quot;:[]}}\" data-widget_type=\"image-carousel.default\">\n\t\t\t\t\t\t\t<div class=\"elementor-image-carousel-wrapper swiper\" role=\"region\" aria-roledescription=\"carousel\" aria-label=\"Carrusel de im\u00e1genes\" dir=\"ltr\">\n\t\t\t<div class=\"elementor-image-carousel swiper-wrapper\" aria-live=\"off\">\n\t\t\t\t\t\t\t\t<div class=\"swiper-slide\" role=\"group\" aria-roledescription=\"slide\" aria-label=\"1 of 7\"><figure class=\"swiper-slide-inner\"><img decoding=\"async\" class=\"swiper-slide-image\" src=\"https:\/\/www.autoelevadoresilcar.com.ar\/toyota\/wp-content\/uploads\/2025\/11\/0.jpg\" alt=\"Repuestos Autoelevadores\" \/><\/figure><\/div><div class=\"swiper-slide\" role=\"group\" aria-roledescription=\"slide\" aria-label=\"2 of 7\"><figure class=\"swiper-slide-inner\"><img decoding=\"async\" class=\"swiper-slide-image\" src=\"https:\/\/www.autoelevadoresilcar.com.ar\/toyota\/wp-content\/uploads\/2025\/11\/5-2.jpg\" alt=\"Repuestos Autoelevadores\" \/><\/figure><\/div><div class=\"swiper-slide\" role=\"group\" aria-roledescription=\"slide\" aria-label=\"3 of 7\"><figure class=\"swiper-slide-inner\"><img decoding=\"async\" class=\"swiper-slide-image\" src=\"https:\/\/www.autoelevadoresilcar.com.ar\/toyota\/wp-content\/uploads\/2025\/11\/6-1.jpg\" alt=\"Repuestos Autoelevadores\" \/><\/figure><\/div><div class=\"swiper-slide\" role=\"group\" aria-roledescription=\"slide\" aria-label=\"4 of 7\"><figure class=\"swiper-slide-inner\"><img decoding=\"async\" class=\"swiper-slide-image\" src=\"https:\/\/www.autoelevadoresilcar.com.ar\/toyota\/wp-content\/uploads\/2025\/11\/1-2.jpg\" alt=\"Repuestos Autoelevadores\" \/><\/figure><\/div><div class=\"swiper-slide\" role=\"group\" aria-roledescription=\"slide\" aria-label=\"5 of 7\"><figure class=\"swiper-slide-inner\"><img decoding=\"async\" class=\"swiper-slide-image\" src=\"https:\/\/www.autoelevadoresilcar.com.ar\/toyota\/wp-content\/uploads\/2025\/11\/2-2.jpg\" alt=\"Repuestos Autoelevadores\" \/><\/figure><\/div><div class=\"swiper-slide\" role=\"group\" aria-roledescription=\"slide\" aria-label=\"6 of 7\"><figure class=\"swiper-slide-inner\"><img decoding=\"async\" class=\"swiper-slide-image\" src=\"https:\/\/www.autoelevadoresilcar.com.ar\/toyota\/wp-content\/uploads\/2025\/11\/3-2.jpg\" alt=\"Repuestos Autoelevadores\" \/><\/figure><\/div><div class=\"swiper-slide\" role=\"group\" aria-roledescription=\"slide\" aria-label=\"7 of 7\"><figure class=\"swiper-slide-inner\"><img decoding=\"async\" class=\"swiper-slide-image\" src=\"https:\/\/www.autoelevadoresilcar.com.ar\/toyota\/wp-content\/uploads\/2025\/11\/4-2.jpg\" alt=\"4\" \/><\/figure><\/div>\t\t\t<\/div>\n\t\t\t\t\t\t\t\t\t\t\t\t<div class=\"elementor-swiper-button elementor-swiper-button-prev\" role=\"button\" tabindex=\"0\">\n\t\t\t\t\t\t<svg aria-hidden=\"true\" class=\"e-font-icon-svg e-eicon-chevron-left\" viewBox=\"0 0 1000 1000\" xmlns=\"http:\/\/www.w3.org\/2000\/svg\"><path d=\"M646 125C629 125 613 133 604 142L308 442C296 454 292 471 292 487 292 504 296 521 308 533L604 854C617 867 629 875 646 875 663 875 679 871 692 858 704 846 713 829 713 812 713 796 708 779 692 767L438 487 692 225C700 217 708 204 708 187 708 171 704 154 692 142 675 129 663 125 646 125Z\"><\/path><\/svg>\t\t\t\t\t<\/div>\n\t\t\t\t\t<div class=\"elementor-swiper-button elementor-swiper-button-next\" role=\"button\" tabindex=\"0\">\n\t\t\t\t\t\t<svg aria-hidden=\"true\" class=\"e-font-icon-svg e-eicon-chevron-right\" viewBox=\"0 0 1000 1000\" xmlns=\"http:\/\/www.w3.org\/2000\/svg\"><path d=\"M696 533C708 521 713 504 713 487 713 471 708 454 696 446L400 146C388 133 375 125 354 125 338 125 325 129 313 142 300 154 292 171 292 187 292 204 296 221 308 233L563 492 304 771C292 783 288 800 288 817 288 833 296 850 308 863 321 871 338 875 354 875 371 875 388 867 400 854L696 533Z\"><\/path><\/svg>\t\t\t\t\t<\/div>\n\t\t\t\t\n\t\t\t\t\t\t\t\t\t<\/div>\n\t\t\t\t\t\t<\/div>\n\t\t\t\t\t\t<\/div>\r\n\t\t\t\t<\/div>\r\n\t\t\t\t\t\t\t\t<\/div>\r\n\t\t\t<\/div>\r\n\t\t\t\t\t<\/div>\n\t\t","protected":false},"excerpt":{"rendered":"<p>AUTOELEVADORES SILCAR S.R.L. \u2013 EVOLUCI\u00d3N PERMANENTE Somos\u00a0concesionarios oficiales Toyota, y por ende, contamos con repuestos originales. Nuestros repuestos cuenta con un estricto control de calidad\u00a0Toyota, el cual garantiza que cada repuesto presenta las mismas caracter\u00edsticas y cumple la misma funcionalidad que la pieza a ser reemplazada. Los repuestos originales\u00a0Toyota\u00a0otorgar\u00e1n a su unidad un \u00f3ptimo funcionamiento, [&hellip;]<\/p>\n","protected":false},"author":1,"featured_media":0,"parent":4737,"menu_order":8,"comment_status":"closed","ping_status":"closed","template":"","meta":{"_joinchat":[],"footnotes":""},"class_list":["post-4751","page","type-page","status-publish","hentry"],"yoast_head":"<!-- This site is optimized with the Yoast SEO plugin v27.5 - https:\/\/yoast.com\/product\/yoast-seo-wordpress\/ -->\n<title>Repuestos Toyota - Autoelevadores Silcar<\/title>\n<meta name=\"robots\" content=\"index, follow, max-snippet:-1, max-image-preview:large, max-video-preview:-1\" \/>\n<link rel=\"canonical\" href=\"https:\/\/www.autoelevadoresilcar.com.ar\/toyota\/servicios\/repuestos-toyota\/\" \/>\n<meta property=\"og:locale\" content=\"es_ES\" \/>\n<meta property=\"og:type\" content=\"article\" \/>\n<meta property=\"og:title\" content=\"Repuestos Toyota - Autoelevadores Silcar\" \/>\n<meta property=\"og:description\" content=\"AUTOELEVADORES SILCAR S.R.L. \u2013 EVOLUCI\u00d3N PERMANENTE Somos\u00a0concesionarios oficiales Toyota, y por ende, contamos con repuestos originales. Nuestros repuestos cuenta con un estricto control de calidad\u00a0Toyota, el cual garantiza que cada repuesto presenta las mismas caracter\u00edsticas y cumple la misma funcionalidad que la pieza a ser reemplazada. Los repuestos originales\u00a0Toyota\u00a0otorgar\u00e1n a su unidad un \u00f3ptimo funcionamiento, [&hellip;]\" \/>\n<meta property=\"og:url\" content=\"https:\/\/www.autoelevadoresilcar.com.ar\/toyota\/servicios\/repuestos-toyota\/\" \/>\n<meta property=\"og:site_name\" content=\"Autoelevadores Silcar\" \/>\n<meta property=\"article:publisher\" content=\"https:\/\/www.facebook.com\/gruposilcarargentina\/\" \/>\n<meta property=\"article:modified_time\" content=\"2025-11-05T19:35:33+00:00\" \/>\n<meta property=\"og:image\" content=\"https:\/\/www.autoelevadoresilcar.com.ar\/toyota\/wp-content\/uploads\/2025\/11\/0.jpg\" \/>\n<meta name=\"twitter:card\" content=\"summary_large_image\" \/>\n<meta name=\"twitter:site\" content=\"@gruposilcar\" \/>\n<meta name=\"twitter:label1\" content=\"Tiempo de lectura\" \/>\n\t<meta name=\"twitter:data1\" content=\"4 minutos\" \/>\n<script type=\"application\/ld+json\" class=\"yoast-schema-graph\">{\"@context\":\"https:\\\/\\\/schema.org\",\"@graph\":[{\"@type\":\"WebPage\",\"@id\":\"https:\\\/\\\/www.autoelevadoresilcar.com.ar\\\/toyota\\\/servicios\\\/repuestos-toyota\\\/\",\"url\":\"https:\\\/\\\/www.autoelevadoresilcar.com.ar\\\/toyota\\\/servicios\\\/repuestos-toyota\\\/\",\"name\":\"Repuestos Toyota - Autoelevadores Silcar\",\"isPartOf\":{\"@id\":\"https:\\\/\\\/www.autoelevadoresilcar.com.ar\\\/toyota\\\/#website\"},\"primaryImageOfPage\":{\"@id\":\"https:\\\/\\\/www.autoelevadoresilcar.com.ar\\\/toyota\\\/servicios\\\/repuestos-toyota\\\/#primaryimage\"},\"image\":{\"@id\":\"https:\\\/\\\/www.autoelevadoresilcar.com.ar\\\/toyota\\\/servicios\\\/repuestos-toyota\\\/#primaryimage\"},\"thumbnailUrl\":\"https:\\\/\\\/www.autoelevadoresilcar.com.ar\\\/toyota\\\/wp-content\\\/uploads\\\/2025\\\/11\\\/0.jpg\",\"datePublished\":\"2025-11-05T14:44:19+00:00\",\"dateModified\":\"2025-11-05T19:35:33+00:00\",\"breadcrumb\":{\"@id\":\"https:\\\/\\\/www.autoelevadoresilcar.com.ar\\\/toyota\\\/servicios\\\/repuestos-toyota\\\/#breadcrumb\"},\"inLanguage\":\"es-AR\",\"potentialAction\":[{\"@type\":\"ReadAction\",\"target\":[\"https:\\\/\\\/www.autoelevadoresilcar.com.ar\\\/toyota\\\/servicios\\\/repuestos-toyota\\\/\"]}]},{\"@type\":\"ImageObject\",\"inLanguage\":\"es-AR\",\"@id\":\"https:\\\/\\\/www.autoelevadoresilcar.com.ar\\\/toyota\\\/servicios\\\/repuestos-toyota\\\/#primaryimage\",\"url\":\"https:\\\/\\\/www.autoelevadoresilcar.com.ar\\\/toyota\\\/wp-content\\\/uploads\\\/2025\\\/11\\\/0.jpg\",\"contentUrl\":\"https:\\\/\\\/www.autoelevadoresilcar.com.ar\\\/toyota\\\/wp-content\\\/uploads\\\/2025\\\/11\\\/0.jpg\",\"width\":865,\"height\":650,\"caption\":\"Repuestos Autoelevadores\"},{\"@type\":\"BreadcrumbList\",\"@id\":\"https:\\\/\\\/www.autoelevadoresilcar.com.ar\\\/toyota\\\/servicios\\\/repuestos-toyota\\\/#breadcrumb\",\"itemListElement\":[{\"@type\":\"ListItem\",\"position\":1,\"name\":\"Inicio\",\"item\":\"https:\\\/\\\/www.autoelevadoresilcar.com.ar\\\/toyota\\\/\"},{\"@type\":\"ListItem\",\"position\":2,\"name\":\"Servicios\",\"item\":\"https:\\\/\\\/www.autoelevadoresilcar.com.ar\\\/toyota\\\/servicios\\\/\"},{\"@type\":\"ListItem\",\"position\":3,\"name\":\"Repuestos Toyota\"}]},{\"@type\":\"WebSite\",\"@id\":\"https:\\\/\\\/www.autoelevadoresilcar.com.ar\\\/toyota\\\/#website\",\"url\":\"https:\\\/\\\/www.autoelevadoresilcar.com.ar\\\/toyota\\\/\",\"name\":\"Autoelevadores Silcar\",\"description\":\"\",\"publisher\":{\"@id\":\"https:\\\/\\\/www.autoelevadoresilcar.com.ar\\\/toyota\\\/#organization\"},\"alternateName\":\"Autoelevadores Toyota\",\"potentialAction\":[{\"@type\":\"SearchAction\",\"target\":{\"@type\":\"EntryPoint\",\"urlTemplate\":\"https:\\\/\\\/www.autoelevadoresilcar.com.ar\\\/toyota\\\/?s={search_term_string}\"},\"query-input\":{\"@type\":\"PropertyValueSpecification\",\"valueRequired\":true,\"valueName\":\"search_term_string\"}}],\"inLanguage\":\"es-AR\"},{\"@type\":\"Organization\",\"@id\":\"https:\\\/\\\/www.autoelevadoresilcar.com.ar\\\/toyota\\\/#organization\",\"name\":\"Autoelevadores Silcar\",\"alternateName\":\"Autoelevadores Toyota\",\"url\":\"https:\\\/\\\/www.autoelevadoresilcar.com.ar\\\/toyota\\\/\",\"logo\":{\"@type\":\"ImageObject\",\"inLanguage\":\"es-AR\",\"@id\":\"https:\\\/\\\/www.autoelevadoresilcar.com.ar\\\/toyota\\\/#\\\/schema\\\/logo\\\/image\\\/\",\"url\":\"https:\\\/\\\/www.autoelevadoresilcar.com.ar\\\/toyota\\\/wp-content\\\/uploads\\\/2025\\\/10\\\/autoelevadores-toyota.jpg\",\"contentUrl\":\"https:\\\/\\\/www.autoelevadoresilcar.com.ar\\\/toyota\\\/wp-content\\\/uploads\\\/2025\\\/10\\\/autoelevadores-toyota.jpg\",\"width\":1903,\"height\":1189,\"caption\":\"Autoelevadores Silcar\"},\"image\":{\"@id\":\"https:\\\/\\\/www.autoelevadoresilcar.com.ar\\\/toyota\\\/#\\\/schema\\\/logo\\\/image\\\/\"},\"sameAs\":[\"https:\\\/\\\/www.facebook.com\\\/gruposilcarargentina\\\/\",\"https:\\\/\\\/x.com\\\/gruposilcar\",\"https:\\\/\\\/www.instagram.com\\\/grupo.silcar\\\/\",\"https:\\\/\\\/www.youtube.com\\\/channel\\\/UCQHEcWB82lZeO0DePCCjuWg\",\"https:\\\/\\\/www.linkedin.com\\\/company\\\/autoelevadores-silcar\\\/\"]}]}<\/script>\n<!-- \/ Yoast SEO plugin. -->","yoast_head_json":{"title":"Repuestos Toyota - Autoelevadores Silcar","robots":{"index":"index","follow":"follow","max-snippet":"max-snippet:-1","max-image-preview":"max-image-preview:large","max-video-preview":"max-video-preview:-1"},"canonical":"https:\/\/www.autoelevadoresilcar.com.ar\/toyota\/servicios\/repuestos-toyota\/","og_locale":"es_ES","og_type":"article","og_title":"Repuestos Toyota - Autoelevadores Silcar","og_description":"AUTOELEVADORES SILCAR S.R.L. \u2013 EVOLUCI\u00d3N PERMANENTE Somos\u00a0concesionarios oficiales Toyota, y por ende, contamos con repuestos originales. Nuestros repuestos cuenta con un estricto control de calidad\u00a0Toyota, el cual garantiza que cada repuesto presenta las mismas caracter\u00edsticas y cumple la misma funcionalidad que la pieza a ser reemplazada. Los repuestos originales\u00a0Toyota\u00a0otorgar\u00e1n a su unidad un \u00f3ptimo funcionamiento, [&hellip;]","og_url":"https:\/\/www.autoelevadoresilcar.com.ar\/toyota\/servicios\/repuestos-toyota\/","og_site_name":"Autoelevadores Silcar","article_publisher":"https:\/\/www.facebook.com\/gruposilcarargentina\/","article_modified_time":"2025-11-05T19:35:33+00:00","og_image":[{"url":"https:\/\/www.autoelevadoresilcar.com.ar\/toyota\/wp-content\/uploads\/2025\/11\/0.jpg","type":"","width":"","height":""}],"twitter_card":"summary_large_image","twitter_site":"@gruposilcar","twitter_misc":{"Tiempo de lectura":"4 minutos"},"schema":{"@context":"https:\/\/schema.org","@graph":[{"@type":"WebPage","@id":"https:\/\/www.autoelevadoresilcar.com.ar\/toyota\/servicios\/repuestos-toyota\/","url":"https:\/\/www.autoelevadoresilcar.com.ar\/toyota\/servicios\/repuestos-toyota\/","name":"Repuestos Toyota - Autoelevadores Silcar","isPartOf":{"@id":"https:\/\/www.autoelevadoresilcar.com.ar\/toyota\/#website"},"primaryImageOfPage":{"@id":"https:\/\/www.autoelevadoresilcar.com.ar\/toyota\/servicios\/repuestos-toyota\/#primaryimage"},"image":{"@id":"https:\/\/www.autoelevadoresilcar.com.ar\/toyota\/servicios\/repuestos-toyota\/#primaryimage"},"thumbnailUrl":"https:\/\/www.autoelevadoresilcar.com.ar\/toyota\/wp-content\/uploads\/2025\/11\/0.jpg","datePublished":"2025-11-05T14:44:19+00:00","dateModified":"2025-11-05T19:35:33+00:00","breadcrumb":{"@id":"https:\/\/www.autoelevadoresilcar.com.ar\/toyota\/servicios\/repuestos-toyota\/#breadcrumb"},"inLanguage":"es-AR","potentialAction":[{"@type":"ReadAction","target":["https:\/\/www.autoelevadoresilcar.com.ar\/toyota\/servicios\/repuestos-toyota\/"]}]},{"@type":"ImageObject","inLanguage":"es-AR","@id":"https:\/\/www.autoelevadoresilcar.com.ar\/toyota\/servicios\/repuestos-toyota\/#primaryimage","url":"https:\/\/www.autoelevadoresilcar.com.ar\/toyota\/wp-content\/uploads\/2025\/11\/0.jpg","contentUrl":"https:\/\/www.autoelevadoresilcar.com.ar\/toyota\/wp-content\/uploads\/2025\/11\/0.jpg","width":865,"height":650,"caption":"Repuestos Autoelevadores"},{"@type":"BreadcrumbList","@id":"https:\/\/www.autoelevadoresilcar.com.ar\/toyota\/servicios\/repuestos-toyota\/#breadcrumb","itemListElement":[{"@type":"ListItem","position":1,"name":"Inicio","item":"https:\/\/www.autoelevadoresilcar.com.ar\/toyota\/"},{"@type":"ListItem","position":2,"name":"Servicios","item":"https:\/\/www.autoelevadoresilcar.com.ar\/toyota\/servicios\/"},{"@type":"ListItem","position":3,"name":"Repuestos Toyota"}]},{"@type":"WebSite","@id":"https:\/\/www.autoelevadoresilcar.com.ar\/toyota\/#website","url":"https:\/\/www.autoelevadoresilcar.com.ar\/toyota\/","name":"Autoelevadores Silcar","description":"","publisher":{"@id":"https:\/\/www.autoelevadoresilcar.com.ar\/toyota\/#organization"},"alternateName":"Autoelevadores Toyota","potentialAction":[{"@type":"SearchAction","target":{"@type":"EntryPoint","urlTemplate":"https:\/\/www.autoelevadoresilcar.com.ar\/toyota\/?s={search_term_string}"},"query-input":{"@type":"PropertyValueSpecification","valueRequired":true,"valueName":"search_term_string"}}],"inLanguage":"es-AR"},{"@type":"Organization","@id":"https:\/\/www.autoelevadoresilcar.com.ar\/toyota\/#organization","name":"Autoelevadores Silcar","alternateName":"Autoelevadores Toyota","url":"https:\/\/www.autoelevadoresilcar.com.ar\/toyota\/","logo":{"@type":"ImageObject","inLanguage":"es-AR","@id":"https:\/\/www.autoelevadoresilcar.com.ar\/toyota\/#\/schema\/logo\/image\/","url":"https:\/\/www.autoelevadoresilcar.com.ar\/toyota\/wp-content\/uploads\/2025\/10\/autoelevadores-toyota.jpg","contentUrl":"https:\/\/www.autoelevadoresilcar.com.ar\/toyota\/wp-content\/uploads\/2025\/10\/autoelevadores-toyota.jpg","width":1903,"height":1189,"caption":"Autoelevadores Silcar"},"image":{"@id":"https:\/\/www.autoelevadoresilcar.com.ar\/toyota\/#\/schema\/logo\/image\/"},"sameAs":["https:\/\/www.facebook.com\/gruposilcarargentina\/","https:\/\/x.com\/gruposilcar","https:\/\/www.instagram.com\/grupo.silcar\/","https:\/\/www.youtube.com\/channel\/UCQHEcWB82lZeO0DePCCjuWg","https:\/\/www.linkedin.com\/company\/autoelevadores-silcar\/"]}]}},"_links":{"self":[{"href":"https:\/\/www.autoelevadoresilcar.com.ar\/toyota\/wp-json\/wp\/v2\/pages\/4751","targetHints":{"allow":["GET"]}}],"collection":[{"href":"https:\/\/www.autoelevadoresilcar.com.ar\/toyota\/wp-json\/wp\/v2\/pages"}],"about":[{"href":"https:\/\/www.autoelevadoresilcar.com.ar\/toyota\/wp-json\/wp\/v2\/types\/page"}],"author":[{"embeddable":true,"href":"https:\/\/www.autoelevadoresilcar.com.ar\/toyota\/wp-json\/wp\/v2\/users\/1"}],"replies":[{"embeddable":true,"href":"https:\/\/www.autoelevadoresilcar.com.ar\/toyota\/wp-json\/wp\/v2\/comments?post=4751"}],"version-history":[{"count":5,"href":"https:\/\/www.autoelevadoresilcar.com.ar\/toyota\/wp-json\/wp\/v2\/pages\/4751\/revisions"}],"predecessor-version":[{"id":4888,"href":"https:\/\/www.autoelevadoresilcar.com.ar\/toyota\/wp-json\/wp\/v2\/pages\/4751\/revisions\/4888"}],"up":[{"embeddable":true,"href":"https:\/\/www.autoelevadoresilcar.com.ar\/toyota\/wp-json\/wp\/v2\/pages\/4737"}],"wp:attachment":[{"href":"https:\/\/www.autoelevadoresilcar.com.ar\/toyota\/wp-json\/wp\/v2\/media?parent=4751"}],"curies":[{"name":"wp","href":"https:\/\/api.w.org\/{rel}","templated":true}]}}